{"id":11036,"date":"2022-03-24T18:34:22","date_gmt":"2022-03-24T15:34:22","guid":{"rendered":"https:\/\/metpacker.com\/?page_id=11036"},"modified":"2023-01-20T17:38:17","modified_gmt":"2023-01-20T14:38:17","slug":"kariyer","status":"publish","type":"page","link":"https:\/\/metpacker.com\/tr\/kurumsal\/kariyer\/","title":{"rendered":"Kariyer"},"content":{"rendered":"\t\t<div data-elementor-type=\"wp-page\" data-elementor-id=\"11036\" class=\"elementor elementor-11036 elementor-8536\">\n\t\t\t\t\t\t\t\t\t<section class=\" elementor-section elementor-top-section elementor-element elementor-element-54a4648 elementor-section-boxed elementor-section-height-default elementor-section-height-default\" data-id=\"54a4648\" data-element_type=\"section\">\r\n\t\t\t\t\t\t\t\t<div class=\"elementor-container elementor-column-gap-default\">\r\n\t\t\t\t\r\n\t\t\t\t\t\t\t\t<div class=\" elementor-column elementor-col-100 elementor-top-column elementor-element elementor-element-17638f2 \" data-id=\"17638f2\" data-element_type=\"column\">\r\n\r\n\t\t\t\t\r\n\t\t\t\t<div class=\"elementor-widget-wrap elementor-element-populated\">\r\n\t\t\t\t\t\t\t\t\t\t\r\n\t\t\t\t\t\t<div class=\"elementor-element elementor-element-9a877f3 elementor-widget elementor-widget-heading\" data-id=\"9a877f3\" data-element_type=\"widget\" data-widget_type=\"heading.default\">\n\t\t\t\t<div class=\"elementor-widget-container\">\n\t\t\t<style>\/*! elementor - v3.10.1 - 17-01-2023 *\/\n.elementor-heading-title{padding:0;margin:0;line-height:1}.elementor-widget-heading .elementor-heading-title[class*=elementor-size-]>a{color:inherit;font-size:inherit;line-height:inherit}.elementor-widget-heading .elementor-heading-title.elementor-size-small{font-size:15px}.elementor-widget-heading .elementor-heading-title.elementor-size-medium{font-size:19px}.elementor-widget-heading .elementor-heading-title.elementor-size-large{font-size:29px}.elementor-widget-heading .elementor-heading-title.elementor-size-xl{font-size:39px}.elementor-widget-heading .elementor-heading-title.elementor-size-xxl{font-size:59px}<\/style><h3 class=\"elementor-heading-title elementor-size-default\">Ekibimize kat\u0131lmak ister misiniz?<\/h3>\t\t<\/div>\n\t\t\t\t<\/div>\n\t\t\t\t<div class=\"elementor-element elementor-element-cd9d530 elementor-widget elementor-widget-text-editor\" data-id=\"cd9d530\" data-element_type=\"widget\" data-widget_type=\"text-editor.default\">\n\t\t\t\t<div class=\"elementor-widget-container\">\n\t\t\t<style>\/*! elementor - v3.10.1 - 17-01-2023 *\/\n.elementor-widget-text-editor.elementor-drop-cap-view-stacked .elementor-drop-cap{background-color:#818a91;color:#fff}.elementor-widget-text-editor.elementor-drop-cap-view-framed .elementor-drop-cap{color:#818a91;border:3px solid;background-color:transparent}.elementor-widget-text-editor:not(.elementor-drop-cap-view-default) .elementor-drop-cap{margin-top:8px}.elementor-widget-text-editor:not(.elementor-drop-cap-view-default) .elementor-drop-cap-letter{width:1em;height:1em}.elementor-widget-text-editor .elementor-drop-cap{float:left;text-align:center;line-height:1;font-size:50px}.elementor-widget-text-editor .elementor-drop-cap-letter{display:inline-block}<\/style>\t\t\t\t<p>Her zaman, bizlere tutku ve yenilik\u00e7i fikirlerle ilham veren yeni ekip \u00fcyeleri ar\u0131yoruz.<\/p>\t\t\t\t\t\t<\/div>\n\t\t\t\t<\/div>\n\t\t\t\t<div class=\"elementor-element elementor-element-7d3eef2 elementor-widget elementor-widget-shortcode\" data-id=\"7d3eef2\" data-element_type=\"widget\" data-widget_type=\"shortcode.default\">\n\t\t\t\t<div class=\"elementor-widget-container\">\n\t\t\t\t\t<div class=\"elementor-shortcode\">\n<div class=\"wpcf7 no-js\" id=\"wpcf7-f12482-o1\" lang=\"tr-TR\" dir=\"ltr\">\n<div class=\"screen-reader-response\"><p role=\"status\" aria-live=\"polite\" aria-atomic=\"true\"><\/p> <ul><\/ul><\/div>\n<form action=\"\/tr\/wp-json\/wp\/v2\/pages\/11036#wpcf7-f12482-o1\" method=\"post\" class=\"wpcf7-form init\" aria-label=\"Contact form\" enctype=\"multipart\/form-data\" novalidate=\"novalidate\" data-status=\"init\">\n<div style=\"display: none;\">\n<input type=\"hidden\" name=\"_wpcf7\" value=\"12482\" \/>\n<input type=\"hidden\" name=\"_wpcf7_version\" value=\"5.7.3\" \/>\n<input type=\"hidden\" name=\"_wpcf7_locale\" value=\"tr_TR\" \/>\n<input type=\"hidden\" name=\"_wpcf7_unit_tag\" value=\"wpcf7-f12482-o1\" \/>\n<input type=\"hidden\" name=\"_wpcf7_container_post\" value=\"0\" \/>\n<input type=\"hidden\" name=\"_wpcf7_posted_data_hash\" value=\"\" \/>\n<input type=\"hidden\" name=\"_wpcf7_recaptcha_response\" value=\"\" \/>\n<\/div>\n<div class=\"form-container\">\n\t<div class=\"row\">\n\t\t<div class=\"col-lg-12 col-md-12 col-sm-12 col-xs-12\">\n\t\t\t<div class=\"input-group\">\n\t\t\t\t<p><span class=\"wpcf7-form-control-wrap\" data-name=\"your-name\"><input size=\"40\" class=\"wpcf7-form-control wpcf7-text wpcf7-validates-as-required\" aria-required=\"true\" aria-invalid=\"false\" placeholder=\"Ad\u0131n\u0131z Soyad\u0131n\u0131z\" value=\"\" type=\"text\" name=\"your-name\" \/><\/span>\n\t\t\t\t<\/p>\n\t\t\t<\/div>\n\t\t\t<div class=\"input-group\">\n\t\t\t\t<p><span class=\"wpcf7-form-control-wrap\" data-name=\"email\"><input size=\"40\" class=\"wpcf7-form-control wpcf7-text wpcf7-email wpcf7-validates-as-required wpcf7-validates-as-email\" aria-required=\"true\" aria-invalid=\"false\" placeholder=\"E-posta Adresiniz\" value=\"\" type=\"email\" name=\"email\" \/><\/span>\n\t\t\t\t<\/p>\n\t\t\t<\/div>\n\t\t\t<div class=\"input-group\">\n\t\t\t\t<p><span class=\"wpcf7-form-control-wrap\" data-name=\"message\"><textarea cols=\"40\" rows=\"10\" class=\"wpcf7-form-control wpcf7-textarea wpcf7-validates-as-required\" aria-required=\"true\" aria-invalid=\"false\" placeholder=\"Mesaj\u0131n\u0131z\" name=\"message\"><\/textarea><\/span>\n\t\t\t\t<\/p>\n\t\t\t<\/div>\n\t\t\t<div class=\"input-group\">\n\t\t\t\t<p><span class=\"cv-resume\">CV y\u00fckle: <\/span><span class=\"wpcf7-form-control-wrap\" data-name=\"file-996\"><input size=\"40\" class=\"wpcf7-form-control wpcf7-file wpcf7-validates-as-required uploadfile left\" accept=\".pdf,.docx,.doc\" aria-required=\"true\" aria-invalid=\"false\" type=\"file\" name=\"file-996\" \/><\/span>\n\t\t\t\t<\/p>\n\t\t\t<\/div>\n\t\t\t<div class=\"input-group spm\">\n\t\t\t<span class=\"wpcf7-form-control-wrap recaptcha\" data-name=\"recaptcha\"><span data-sitekey=\"6LdwOSklAAAAALAlnGH5OhsoWO9YARp5TEYSXRXg\" class=\"wpcf7-form-control g-recaptcha wpcf7-recaptcha rspm\"><\/span>\r\n<noscript>\r\n\t<div class=\"grecaptcha-noscript\">\r\n\t\t<iframe loading=\"lazy\" src=\"https:\/\/www.google.com\/recaptcha\/api\/fallback?k=6LdwOSklAAAAALAlnGH5OhsoWO9YARp5TEYSXRXg\" frameborder=\"0\" scrolling=\"no\" width=\"310\" height=\"430\">\r\n\t\t<\/iframe>\r\n\t\t<textarea name=\"g-recaptcha-response\" rows=\"3\" cols=\"40\" placeholder=\"reCaptcha Response Here\">\r\n\t\t<\/textarea>\r\n\t<\/div>\r\n<\/noscript>\r\n<\/span>\n\t\t\t<\/div>\n\t\t\t<div class=\"input-group\">\n\t\t\t\t<p><button type=\"submit\" class=\"button size-lg icon_right\">G\u00f6nder <i class=\"fa fa-chevron-right\"><\/i><\/button>\n\t\t\t\t<\/p>\n\t\t\t<\/div>\n\t\t<\/div>\n\t<\/div>\n<\/div>\n<style>\n.form-container .button {\ntext-transform:capitalize !important;\ntransition: transform 0.3s ease-out;\n}\n.button.size-lg.icon_right i {\n margin-left: 10px;\n transition: transform 0.3s ease-out;\n}\n.cv-resume {\n float: left;\n margin-top: 10px;\n}\n.wpcf7-form-control-wrap[data-name=\"file-996\"] {\ndisplay:inline-block;\n}\n.form-container .button:hover i {\n transform: translateX(4px);\n}\n.form-container input[type=checkbox]:focus,\n.form-container input[type=email]:focus,\n.form-container input[type=password]:focus,\n.form-container input[type=radio]:focus,\n.form-container input[type=tel]:focus,\n.form-container input[type=text]:focus,\n.form-container textarea.form-control:focus,\n.form-container textarea:focus {\n border-color: #ff4500;\n}\n.form-container {\n margin-left: 10px;\n margin-right: 10px;\n}\n.mgsmodal-background>.closebtn {\ndisplay:none;\n}\n.mgswpcf7-floating-contactForm .mgswpcf7floating-cFormbox .closebtn {\nbackground-color: #ff4500;\nborder: 1px solid #ff4500;\n}\n.mgswpcf7-floating-contactForm .mgswpcf7floating-cFormbox .closebtn:hover {\n color: #df3611;\n}\n.mgswpcf7-floating-contactForm .input-group .wpcf7-form-control {\n background-color: #ffffff;\n border: 1px solid #a3a3a3;\n}\n#mgswpcf7-floating-contactForm11689 h3.mgswpcf7-floating-form-title {\n color: #fff !important;\n background-color: #ff4500 !important;\n}\n.input-group.spm {margin:10px 0; padding:0;}\n.input-group.spm .wpcf7-form-control-wrap.recaptcha {margin:10px 0 0 0; padding:0;}\n.input-group.spm .wpcf7-form-control-wrap.recaptcha .rspm {margin:0; padding:0;}\n<\/style><div class=\"wpcf7-response-output\" aria-hidden=\"true\"><\/div>\n<\/form>\n<\/div>\n<\/div>\n\t\t\t\t<\/div>\n\t\t\t\t<\/div>\n\t\t\t\t\t\t<\/div>\r\n\t\t\t\t<\/div>\r\n\t\t\t\t\t\t\t\t<\/div>\r\n\t\t\t<\/section>\r\n\t\t\t\t\t\t\t\t<\/div>\n\t\t","protected":false},"excerpt":{"rendered":"<p>Ekibimize kat\u0131lmak ister misiniz? Her zaman, bizlere tutku ve yenilik\u00e7i fikirlerle ilham veren yeni ekip \u00fcyeleri ar\u0131yoruz.<\/p>\n","protected":false},"author":1,"featured_media":0,"parent":11003,"menu_order":0,"comment_status":"closed","ping_status":"closed","template":"","meta":[],"acf":[],"yoast_head":"<!-- This site is optimized with the Yoast SEO plugin v20.1 - https:\/\/yoast.com\/wordpress\/plugins\/seo\/ -->\n<title>Kariyer - METPACKER<\/title>\n<meta name=\"robots\" content=\"index, follow, max-snippet:-1, max-image-preview:large, max-video-preview:-1\" \/>\n<link rel=\"canonical\" href=\"https:\/\/metpacker.com\/tr\/kurumsal\/kariyer\/\" \/>\n<meta property=\"og:locale\" content=\"tr_TR\" \/>\n<meta property=\"og:type\" content=\"article\" \/>\n<meta property=\"og:title\" content=\"Kariyer - METPACKER\" \/>\n<meta property=\"og:description\" content=\"Ekibimize kat\u0131lmak ister misiniz? Her zaman, bizlere tutku ve yenilik\u00e7i fikirlerle ilham veren yeni ekip \u00fcyeleri ar\u0131yoruz.\" \/>\n<meta property=\"og:url\" content=\"https:\/\/metpacker.com\/tr\/kurumsal\/kariyer\/\" \/>\n<meta property=\"og:site_name\" content=\"METPACKER\" \/>\n<meta property=\"article:modified_time\" content=\"2023-01-20T14:38:17+00:00\" \/>\n<meta property=\"og:image\" content=\"https:\/\/metpacker.com\/wp-content\/uploads\/2023\/01\/metpacker-logo.png\" \/>\n\t<meta property=\"og:image:width\" content=\"500\" \/>\n\t<meta property=\"og:image:height\" content=\"57\" \/>\n\t<meta property=\"og:image:type\" content=\"image\/png\" \/>\n<meta name=\"twitter:card\" content=\"summary_large_image\" \/>\n<meta name=\"twitter:site\" content=\"@metpacker\" \/>\n<script type=\"application\/ld+json\" class=\"yoast-schema-graph\">{\"@context\":\"https:\/\/schema.org\",\"@graph\":[{\"@type\":\"WebPage\",\"@id\":\"https:\/\/metpacker.com\/tr\/kurumsal\/kariyer\/\",\"url\":\"https:\/\/metpacker.com\/tr\/kurumsal\/kariyer\/\",\"name\":\"Kariyer - METPACKER\",\"isPartOf\":{\"@id\":\"https:\/\/metpacker.com\/#website\"},\"datePublished\":\"2022-03-24T15:34:22+00:00\",\"dateModified\":\"2023-01-20T14:38:17+00:00\",\"breadcrumb\":{\"@id\":\"https:\/\/metpacker.com\/tr\/kurumsal\/kariyer\/#breadcrumb\"},\"inLanguage\":\"tr\",\"potentialAction\":[{\"@type\":\"ReadAction\",\"target\":[\"https:\/\/metpacker.com\/tr\/kurumsal\/kariyer\/\"]}]},{\"@type\":\"BreadcrumbList\",\"@id\":\"https:\/\/metpacker.com\/tr\/kurumsal\/kariyer\/#breadcrumb\",\"itemListElement\":[{\"@type\":\"ListItem\",\"position\":1,\"name\":\"Home\",\"item\":\"https:\/\/metpacker.com\/tr\/\"},{\"@type\":\"ListItem\",\"position\":2,\"name\":\"Kurumsal\",\"item\":\"https:\/\/metpacker.com\/tr\/kurumsal\/\"},{\"@type\":\"ListItem\",\"position\":3,\"name\":\"Kariyer\"}]},{\"@type\":\"WebSite\",\"@id\":\"https:\/\/metpacker.com\/#website\",\"url\":\"https:\/\/metpacker.com\/\",\"name\":\"metpacker.com\",\"description\":\"Expert in Metal Packaging Machinery\",\"publisher\":{\"@id\":\"https:\/\/metpacker.com\/#organization\"},\"alternateName\":\"METPACKER\",\"potentialAction\":[{\"@type\":\"SearchAction\",\"target\":{\"@type\":\"EntryPoint\",\"urlTemplate\":\"https:\/\/metpacker.com\/?s={search_term_string}\"},\"query-input\":\"required name=search_term_string\"}],\"inLanguage\":\"tr\"},{\"@type\":\"Organization\",\"@id\":\"https:\/\/metpacker.com\/#organization\",\"name\":\"metpacker.com\",\"alternateName\":\"METPACKER\",\"url\":\"https:\/\/metpacker.com\/\",\"logo\":{\"@type\":\"ImageObject\",\"inLanguage\":\"tr\",\"@id\":\"https:\/\/metpacker.com\/#\/schema\/logo\/image\/\",\"url\":\"https:\/\/metpacker.com\/wp-content\/uploads\/2023\/01\/metpacker-logo.png\",\"contentUrl\":\"https:\/\/metpacker.com\/wp-content\/uploads\/2023\/01\/metpacker-logo.png\",\"width\":500,\"height\":57,\"caption\":\"metpacker.com\"},\"image\":{\"@id\":\"https:\/\/metpacker.com\/#\/schema\/logo\/image\/\"},\"sameAs\":[\"https:\/\/twitter.com\/metpacker\",\"https:\/\/www.instagram.com\/metpacker\/\",\"https:\/\/www.linkedin.com\/company\/metpacker\/about\/?viewAsMember=true\",\"https:\/\/www.youtube.com\/@metpacker651\"]}]}<\/script>\n<!-- \/ Yoast SEO plugin. -->","yoast_head_json":{"title":"Kariyer - METPACKER","robots":{"index":"index","follow":"follow","max-snippet":"max-snippet:-1","max-image-preview":"max-image-preview:large","max-video-preview":"max-video-preview:-1"},"canonical":"https:\/\/metpacker.com\/tr\/kurumsal\/kariyer\/","og_locale":"tr_TR","og_type":"article","og_title":"Kariyer - METPACKER","og_description":"Ekibimize kat\u0131lmak ister misiniz? Her zaman, bizlere tutku ve yenilik\u00e7i fikirlerle ilham veren yeni ekip \u00fcyeleri ar\u0131yoruz.","og_url":"https:\/\/metpacker.com\/tr\/kurumsal\/kariyer\/","og_site_name":"METPACKER","article_modified_time":"2023-01-20T14:38:17+00:00","og_image":[{"width":500,"height":57,"url":"https:\/\/metpacker.com\/wp-content\/uploads\/2023\/01\/metpacker-logo.png","type":"image\/png"}],"twitter_card":"summary_large_image","twitter_site":"@metpacker","schema":{"@context":"https:\/\/schema.org","@graph":[{"@type":"WebPage","@id":"https:\/\/metpacker.com\/tr\/kurumsal\/kariyer\/","url":"https:\/\/metpacker.com\/tr\/kurumsal\/kariyer\/","name":"Kariyer - METPACKER","isPartOf":{"@id":"https:\/\/metpacker.com\/#website"},"datePublished":"2022-03-24T15:34:22+00:00","dateModified":"2023-01-20T14:38:17+00:00","breadcrumb":{"@id":"https:\/\/metpacker.com\/tr\/kurumsal\/kariyer\/#breadcrumb"},"inLanguage":"tr","potentialAction":[{"@type":"ReadAction","target":["https:\/\/metpacker.com\/tr\/kurumsal\/kariyer\/"]}]},{"@type":"BreadcrumbList","@id":"https:\/\/metpacker.com\/tr\/kurumsal\/kariyer\/#breadcrumb","itemListElement":[{"@type":"ListItem","position":1,"name":"Home","item":"https:\/\/metpacker.com\/tr\/"},{"@type":"ListItem","position":2,"name":"Kurumsal","item":"https:\/\/metpacker.com\/tr\/kurumsal\/"},{"@type":"ListItem","position":3,"name":"Kariyer"}]},{"@type":"WebSite","@id":"https:\/\/metpacker.com\/#website","url":"https:\/\/metpacker.com\/","name":"metpacker.com","description":"Expert in Metal Packaging Machinery","publisher":{"@id":"https:\/\/metpacker.com\/#organization"},"alternateName":"METPACKER","potentialAction":[{"@type":"SearchAction","target":{"@type":"EntryPoint","urlTemplate":"https:\/\/metpacker.com\/?s={search_term_string}"},"query-input":"required name=search_term_string"}],"inLanguage":"tr"},{"@type":"Organization","@id":"https:\/\/metpacker.com\/#organization","name":"metpacker.com","alternateName":"METPACKER","url":"https:\/\/metpacker.com\/","logo":{"@type":"ImageObject","inLanguage":"tr","@id":"https:\/\/metpacker.com\/#\/schema\/logo\/image\/","url":"https:\/\/metpacker.com\/wp-content\/uploads\/2023\/01\/metpacker-logo.png","contentUrl":"https:\/\/metpacker.com\/wp-content\/uploads\/2023\/01\/metpacker-logo.png","width":500,"height":57,"caption":"metpacker.com"},"image":{"@id":"https:\/\/metpacker.com\/#\/schema\/logo\/image\/"},"sameAs":["https:\/\/twitter.com\/metpacker","https:\/\/www.instagram.com\/metpacker\/","https:\/\/www.linkedin.com\/company\/metpacker\/about\/?viewAsMember=true","https:\/\/www.youtube.com\/@metpacker651"]}]}},"_links":{"self":[{"href":"https:\/\/metpacker.com\/tr\/wp-json\/wp\/v2\/pages\/11036"}],"collection":[{"href":"https:\/\/metpacker.com\/tr\/wp-json\/wp\/v2\/pages"}],"about":[{"href":"https:\/\/metpacker.com\/tr\/wp-json\/wp\/v2\/types\/page"}],"author":[{"embeddable":true,"href":"https:\/\/metpacker.com\/tr\/wp-json\/wp\/v2\/users\/1"}],"replies":[{"embeddable":true,"href":"https:\/\/metpacker.com\/tr\/wp-json\/wp\/v2\/comments?post=11036"}],"version-history":[{"count":16,"href":"https:\/\/metpacker.com\/tr\/wp-json\/wp\/v2\/pages\/11036\/revisions"}],"predecessor-version":[{"id":12485,"href":"https:\/\/metpacker.com\/tr\/wp-json\/wp\/v2\/pages\/11036\/revisions\/12485"}],"up":[{"embeddable":true,"href":"https:\/\/metpacker.com\/tr\/wp-json\/wp\/v2\/pages\/11003"}],"wp:attachment":[{"href":"https:\/\/metpacker.com\/tr\/wp-json\/wp\/v2\/media?parent=11036"}],"curies":[{"name":"wp","href":"https:\/\/api.w.org\/{rel}","templated":true}]}}