{"id":11046,"date":"2022-03-21T17:18:32","date_gmt":"2022-03-21T14:18:32","guid":{"rendered":"https:\/\/metpacker.com\/?page_id=11046"},"modified":"2025-08-13T12:27:58","modified_gmt":"2025-08-13T09:27:58","slug":"kategoriler","status":"publish","type":"page","link":"https:\/\/metpacker.com\/tr\/kategoriler\/","title":{"rendered":"Kategoriler"},"content":{"rendered":"\t\t<div data-elementor-type=\"wp-page\" data-elementor-id=\"11046\" class=\"elementor elementor-11046 elementor-8044\">\n\t\t\t\t\t\t\t\t\t<section class=\" elementor-section elementor-top-section elementor-element elementor-element-0fe40bd elementor-section-boxed elementor-section-height-default elementor-section-height-default\" data-id=\"0fe40bd\" data-element_type=\"section\">\r\n\t\t\t\t\t\t\t\t<div class=\"elementor-container elementor-column-gap-default\">\r\n\t\t\t\t\r\n\t\t\t\t\t\t\t\t<div class=\" elementor-column elementor-col-100 elementor-top-column elementor-element elementor-element-ae691bb \" data-id=\"ae691bb\" data-element_type=\"column\">\r\n\r\n\t\t\t\t\r\n\t\t\t\t<div class=\"elementor-widget-wrap elementor-element-populated\">\r\n\t\t\t\t\t\t\t\t\t\t\r\n\t\t\t\t\t\t<div class=\"elementor-element elementor-element-4bcc8dd elementor-widget elementor-widget-heading\" data-id=\"4bcc8dd\" data-element_type=\"widget\" data-widget_type=\"heading.default\">\n\t\t\t\t<div class=\"elementor-widget-container\">\n\t\t\t<style>\/*! elementor - v3.10.1 - 17-01-2023 *\/\n.elementor-heading-title{padding:0;margin:0;line-height:1}.elementor-widget-heading .elementor-heading-title[class*=elementor-size-]>a{color:inherit;font-size:inherit;line-height:inherit}.elementor-widget-heading .elementor-heading-title.elementor-size-small{font-size:15px}.elementor-widget-heading .elementor-heading-title.elementor-size-medium{font-size:19px}.elementor-widget-heading .elementor-heading-title.elementor-size-large{font-size:29px}.elementor-widget-heading .elementor-heading-title.elementor-size-xl{font-size:39px}.elementor-widget-heading .elementor-heading-title.elementor-size-xxl{font-size:59px}<\/style><h2 class=\"elementor-heading-title elementor-size-default\">\u00dcr\u00fcn Kategorileri<\/h2>\t\t<\/div>\n\t\t\t\t<\/div>\n\t\t\t\t\t\t<\/div>\r\n\t\t\t\t<\/div>\r\n\t\t\t\t\t\t\t\t<\/div>\r\n\t\t\t<\/section>\r\n\t\t\t\t\t<section class=\" elementor-section elementor-top-section elementor-element elementor-element-4ef6176 elementor-section-boxed elementor-section-height-default elementor-section-height-default\" data-id=\"4ef6176\" data-element_type=\"section\">\r\n\t\t\t\t\t\t\t\t<div class=\"elementor-container elementor-column-gap-default\">\r\n\t\t\t\t\r\n\t\t\t\t\t\t\t\t<div class=\" elementor-column elementor-col-50 elementor-top-column elementor-element elementor-element-a675a3c \" data-id=\"a675a3c\" data-element_type=\"column\">\r\n\r\n\t\t\t\t\r\n\t\t\t\t<div class=\"elementor-widget-wrap elementor-element-populated\">\r\n\t\t\t\t\t\t\t\t\t\t\r\n\t\t\t\t\t\t<div class=\"elementor-element elementor-element-d13e15a elementor-widget elementor-widget-heading\" data-id=\"d13e15a\" data-element_type=\"widget\" data-widget_type=\"heading.default\">\n\t\t\t\t<div class=\"elementor-widget-container\">\n\t\t\t<h3 class=\"elementor-heading-title elementor-size-default\"><a href=\"https:\/\/metpacker.com\/tr\/kategoriler\/otomatik-dikis-kaynak-makineleri\">Otomatik Diki\u015f Kaynak Makineleri<\/a><\/h3>\t\t<\/div>\n\t\t\t\t<\/div>\n\t\t\t\t<div class=\"elementor-element elementor-element-ddb30a3 e-transform hidden elementor-widget elementor-widget-image\" data-id=\"ddb30a3\" data-element_type=\"widget\" data-settings=\"{&quot;_transform_scale_effect_hover&quot;:{&quot;unit&quot;:&quot;px&quot;,&quot;size&quot;:1.04,&quot;sizes&quot;:[]},&quot;_transform_scale_effect_hover_tablet&quot;:{&quot;unit&quot;:&quot;px&quot;,&quot;size&quot;:&quot;&quot;,&quot;sizes&quot;:[]},&quot;_transform_scale_effect_hover_mobile&quot;:{&quot;unit&quot;:&quot;px&quot;,&quot;size&quot;:&quot;&quot;,&quot;sizes&quot;:[]}}\" data-widget_type=\"image.default\">\n\t\t\t\t<div class=\"elementor-widget-container\">\n\t\t\t<style>\/*! elementor - v3.10.1 - 17-01-2023 *\/\n.elementor-widget-image{text-align:center}.elementor-widget-image a{display:inline-block}.elementor-widget-image a img[src$=\".svg\"]{width:48px}.elementor-widget-image img{vertical-align:middle;display:inline-block}<\/style>\t\t\t\t\t\t\t\t\t\t\t\t\t<a href=\"https:\/\/metpacker.com\/tr\/kategoriler\/otomatik-dikis-kaynak-makineleri\">\n\t\t\t\t\t\t\t<img width=\"768\" height=\"432\" src=\"https:\/\/metpacker.com\/wp-content\/uploads\/2022\/12\/can-body-welder-768x432.jpg\" class=\"attachment-medium_large size-medium_large wp-image-10251\" alt=\"Product categories: Can body welder for three-piece can production\" srcset=\"https:\/\/metpacker.com\/wp-content\/uploads\/2022\/12\/can-body-welder-768x432.jpg 768w, https:\/\/metpacker.com\/wp-content\/uploads\/2022\/12\/can-body-welder-390x220.jpg 390w, https:\/\/metpacker.com\/wp-content\/uploads\/2022\/12\/can-body-welder-600x338.jpg 600w\" sizes=\"(max-width: 768px) 100vw, 768px\" \/>\t\t\t\t\t\t\t\t<\/a>\n\t\t\t\t\t\t\t\t\t\t\t\t\t\t\t<\/div>\n\t\t\t\t<\/div>\n\t\t\t\t<div class=\"elementor-element elementor-element-908e83a elementor-widget elementor-widget-udesign_widget_button\" data-id=\"908e83a\" data-element_type=\"widget\" data-widget_type=\"udesign_widget_button.default\">\n\t\t\t\t<div class=\"elementor-widget-container\">\n\t\t\t<a class=\"btn btn-outline btn-rounded btn-dark btn-icon btn-icon-right\" href=\"https:\/\/metpacker.com\/tr\/kategoriler\/otomatik-dikis-kaynak-makineleri\" ><span >\u00dcr\u00fcnleri G\u00f6r\u00fcnt\u00fcle<\/span><i class=\"a-icon-long-arrow-right\"><\/i><\/a>\t\t<\/div>\n\t\t\t\t<\/div>\n\t\t\t\t\t\t<\/div>\r\n\t\t\t\t<\/div>\r\n\t\t\t\t\t\t\t\t\t<div class=\" elementor-column elementor-col-50 elementor-top-column elementor-element elementor-element-234cf52 \" data-id=\"234cf52\" data-element_type=\"column\">\r\n\r\n\t\t\t\t\r\n\t\t\t\t<div class=\"elementor-widget-wrap elementor-element-populated\">\r\n\t\t\t\t\t\t\t\t\t\t\r\n\t\t\t\t\t\t<div class=\"elementor-element elementor-element-22113b1 elementor-widget elementor-widget-heading\" data-id=\"22113b1\" data-element_type=\"widget\" data-widget_type=\"heading.default\">\n\t\t\t\t<div class=\"elementor-widget-container\">\n\t\t\t<h3 class=\"elementor-heading-title elementor-size-default\"><a href=\"https:\/\/metpacker.com\/tr\/kategoriler\/teneke-kutu-ekipman-makineleri\/\">Teneke Kutu \u00dcretim Hatlar\u0131<\/a><\/h3>\t\t<\/div>\n\t\t\t\t<\/div>\n\t\t\t\t<div class=\"elementor-element elementor-element-dfdd69b e-transform hidden elementor-widget elementor-widget-image\" data-id=\"dfdd69b\" data-element_type=\"widget\" data-settings=\"{&quot;_transform_scale_effect_hover&quot;:{&quot;unit&quot;:&quot;px&quot;,&quot;size&quot;:1.04,&quot;sizes&quot;:[]},&quot;_transform_scale_effect_hover_tablet&quot;:{&quot;unit&quot;:&quot;px&quot;,&quot;size&quot;:&quot;&quot;,&quot;sizes&quot;:[]},&quot;_transform_scale_effect_hover_mobile&quot;:{&quot;unit&quot;:&quot;px&quot;,&quot;size&quot;:&quot;&quot;,&quot;sizes&quot;:[]}}\" data-widget_type=\"image.default\">\n\t\t\t\t<div class=\"elementor-widget-container\">\n\t\t\t\t\t\t\t\t\t\t\t\t\t\t\t\t<a href=\"https:\/\/metpacker.com\/tr\/kategoriler\/teneke-kutu-uretim-hatlari\/\">\n\t\t\t\t\t\t\t<img width=\"768\" height=\"432\" src=\"https:\/\/metpacker.com\/wp-content\/uploads\/2022\/12\/can-body-machines-768x432.jpg\" class=\"attachment-medium_large size-medium_large wp-image-10904\" alt=\"Round and Irregular Tin Can Production Lines\" srcset=\"https:\/\/metpacker.com\/wp-content\/uploads\/2022\/12\/can-body-machines-768x432.jpg 768w, https:\/\/metpacker.com\/wp-content\/uploads\/2022\/12\/can-body-machines-390x220.jpg 390w, https:\/\/metpacker.com\/wp-content\/uploads\/2022\/12\/can-body-machines-600x338.jpg 600w\" sizes=\"(max-width: 768px) 100vw, 768px\" \/>\t\t\t\t\t\t\t\t<\/a>\n\t\t\t\t\t\t\t\t\t\t\t\t\t\t\t<\/div>\n\t\t\t\t<\/div>\n\t\t\t\t<div class=\"elementor-element elementor-element-aa37aca elementor-widget elementor-widget-udesign_widget_button\" data-id=\"aa37aca\" data-element_type=\"widget\" data-widget_type=\"udesign_widget_button.default\">\n\t\t\t\t<div class=\"elementor-widget-container\">\n\t\t\t<a class=\"btn btn-outline btn-rounded btn-dark btn-icon btn-icon-right\" href=\"https:\/\/metpacker.com\/tr\/kategoriler\/teneke-kutu-uretim-hatlari\/\" ><span >\u00dcr\u00fcnleri G\u00f6r\u00fcnt\u00fcle<\/span><i class=\"a-icon-long-arrow-right\"><\/i><\/a>\t\t<\/div>\n\t\t\t\t<\/div>\n\t\t\t\t\t\t<\/div>\r\n\t\t\t\t<\/div>\r\n\t\t\t\t\t\t\t\t<\/div>\r\n\t\t\t<\/section>\r\n\t\t\t\t\t<section class=\" elementor-section elementor-top-section elementor-element elementor-element-2977518 elementor-section-boxed elementor-section-height-default elementor-section-height-default\" data-id=\"2977518\" data-element_type=\"section\">\r\n\t\t\t\t\t\t\t\t<div class=\"elementor-container elementor-column-gap-default\">\r\n\t\t\t\t\r\n\t\t\t\t\t\t\t\t<div class=\" elementor-column elementor-col-50 elementor-top-column elementor-element elementor-element-371ec68 \" data-id=\"371ec68\" data-element_type=\"column\">\r\n\r\n\t\t\t\t\r\n\t\t\t\t<div class=\"elementor-widget-wrap elementor-element-populated\">\r\n\t\t\t\t\t\t\t\t\t\t\r\n\t\t\t\t\t\t<div class=\"elementor-element elementor-element-681aa19 elementor-widget elementor-widget-heading\" data-id=\"681aa19\" data-element_type=\"widget\" data-widget_type=\"heading.default\">\n\t\t\t\t<div class=\"elementor-widget-container\">\n\t\t\t<h3 class=\"elementor-heading-title elementor-size-default\"><a href=\"https:\/\/metpacker.com\/tr\/kategoriler\/teneke-kutu-uretim-hatlari\/\">Teneke Kutu Ekipman Makineleri<\/a><\/h3>\t\t<\/div>\n\t\t\t\t<\/div>\n\t\t\t\t<div class=\"elementor-element elementor-element-8885ee0 e-transform hidden elementor-widget elementor-widget-image\" data-id=\"8885ee0\" data-element_type=\"widget\" data-settings=\"{&quot;_transform_scale_effect_hover&quot;:{&quot;unit&quot;:&quot;px&quot;,&quot;size&quot;:1.03,&quot;sizes&quot;:[]},&quot;_transform_scale_effect_hover_tablet&quot;:{&quot;unit&quot;:&quot;px&quot;,&quot;size&quot;:&quot;&quot;,&quot;sizes&quot;:[]},&quot;_transform_scale_effect_hover_mobile&quot;:{&quot;unit&quot;:&quot;px&quot;,&quot;size&quot;:&quot;&quot;,&quot;sizes&quot;:[]}}\" data-widget_type=\"image.default\">\n\t\t\t\t<div class=\"elementor-widget-container\">\n\t\t\t\t\t\t\t\t\t\t\t\t\t\t\t\t<a href=\"https:\/\/metpacker.com\/tr\/kategoriler\/teneke-kutu-ekipman-makineleri\/\">\n\t\t\t\t\t\t\t<img width=\"1280\" height=\"720\" src=\"https:\/\/metpacker.com\/wp-content\/uploads\/2022\/12\/can-components-machines.jpg\" class=\"attachment-full size-full wp-image-10905\" alt=\"Tin Can Components Production Machines\" srcset=\"https:\/\/metpacker.com\/wp-content\/uploads\/2022\/12\/can-components-machines.jpg 1280w, https:\/\/metpacker.com\/wp-content\/uploads\/2022\/12\/can-components-machines-1024x576.jpg 1024w, https:\/\/metpacker.com\/wp-content\/uploads\/2022\/12\/can-components-machines-768x432.jpg 768w, https:\/\/metpacker.com\/wp-content\/uploads\/2022\/12\/can-components-machines-780x440.jpg 780w, https:\/\/metpacker.com\/wp-content\/uploads\/2022\/12\/can-components-machines-390x220.jpg 390w, https:\/\/metpacker.com\/wp-content\/uploads\/2022\/12\/can-components-machines-600x338.jpg 600w\" sizes=\"(max-width: 1280px) 100vw, 1280px\" \/>\t\t\t\t\t\t\t\t<\/a>\n\t\t\t\t\t\t\t\t\t\t\t\t\t\t\t<\/div>\n\t\t\t\t<\/div>\n\t\t\t\t<div class=\"elementor-element elementor-element-a53cac7 elementor-widget elementor-widget-udesign_widget_button\" data-id=\"a53cac7\" data-element_type=\"widget\" data-settings=\"{&quot;_animation&quot;:&quot;none&quot;,&quot;_animation_delay&quot;:600}\" data-widget_type=\"udesign_widget_button.default\">\n\t\t\t\t<div class=\"elementor-widget-container\">\n\t\t\t<a class=\"btn btn-outline btn-rounded btn-dark btn-icon btn-icon-right\" href=\" https:\/\/metpacker.com\/tr\/kategoriler\/teneke-kutu-ekipman-makineleri\/\" ><span >\u00dcr\u00fcnleri G\u00f6r\u00fcnt\u00fcle<\/span><i class=\"a-icon-long-arrow-right\"><\/i><\/a>\t\t<\/div>\n\t\t\t\t<\/div>\n\t\t\t\t\t\t<\/div>\r\n\t\t\t\t<\/div>\r\n\t\t\t\t\t\t\t\t\t<div class=\" elementor-column elementor-col-50 elementor-top-column elementor-element elementor-element-e7cae75 \" data-id=\"e7cae75\" data-element_type=\"column\">\r\n\r\n\t\t\t\t\r\n\t\t\t\t<div class=\"elementor-widget-wrap elementor-element-populated\">\r\n\t\t\t\t\t\t\t\t\t\t\r\n\t\t\t\t\t\t<div class=\"elementor-element elementor-element-b5b2936 elementor-widget elementor-widget-heading\" data-id=\"b5b2936\" data-element_type=\"widget\" data-widget_type=\"heading.default\">\n\t\t\t\t<div class=\"elementor-widget-container\">\n\t\t\t<h3 class=\"elementor-heading-title elementor-size-default\"><a href=\"https:\/\/metpacker.com\/tr\/kategoriler\/endustriyel-cozumler\/\">End\u00fcstriyel \u00c7\u00f6z\u00fcmler <\/a><\/h3>\t\t<\/div>\n\t\t\t\t<\/div>\n\t\t\t\t<div class=\"elementor-element elementor-element-ad646ff e-transform elementor-widget elementor-widget-image\" data-id=\"ad646ff\" data-element_type=\"widget\" data-settings=\"{&quot;_transform_scale_effect_hover&quot;:{&quot;unit&quot;:&quot;px&quot;,&quot;size&quot;:1.04,&quot;sizes&quot;:[]},&quot;_transform_scale_effect_hover_tablet&quot;:{&quot;unit&quot;:&quot;px&quot;,&quot;size&quot;:&quot;&quot;,&quot;sizes&quot;:[]},&quot;_transform_scale_effect_hover_mobile&quot;:{&quot;unit&quot;:&quot;px&quot;,&quot;size&quot;:&quot;&quot;,&quot;sizes&quot;:[]}}\" data-widget_type=\"image.default\">\n\t\t\t\t<div class=\"elementor-widget-container\">\n\t\t\t\t\t\t\t\t\t\t\t\t\t\t\t\t<a href=\"https:\/\/metpacker.com\/tr\/kategoriler\/endustriyel-cozumler\/\">\n\t\t\t\t\t\t\t<img width=\"1280\" height=\"720\" src=\"https:\/\/metpacker.com\/wp-content\/uploads\/2023\/01\/industrial-solutions.jpg\" class=\"attachment-full size-full wp-image-11661\" alt=\"\" srcset=\"https:\/\/metpacker.com\/wp-content\/uploads\/2023\/01\/industrial-solutions.jpg 1280w, https:\/\/metpacker.com\/wp-content\/uploads\/2023\/01\/industrial-solutions-1024x576.jpg 1024w, https:\/\/metpacker.com\/wp-content\/uploads\/2023\/01\/industrial-solutions-768x432.jpg 768w, https:\/\/metpacker.com\/wp-content\/uploads\/2023\/01\/industrial-solutions-780x440.jpg 780w\" sizes=\"(max-width: 1280px) 100vw, 1280px\" \/>\t\t\t\t\t\t\t\t<\/a>\n\t\t\t\t\t\t\t\t\t\t\t\t\t\t\t<\/div>\n\t\t\t\t<\/div>\n\t\t\t\t<div class=\"elementor-element elementor-element-97b3911 elementor-widget elementor-widget-udesign_widget_button\" data-id=\"97b3911\" data-element_type=\"widget\" data-widget_type=\"udesign_widget_button.default\">\n\t\t\t\t<div class=\"elementor-widget-container\">\n\t\t\t<a class=\"btn btn-outline btn-rounded btn-dark btn-icon btn-icon-right\" href=\"https:\/\/metpacker.com\/tr\/kategoriler\/endustriyel-cozumler\/\" ><span >\u00dcr\u00fcnleri G\u00f6r\u00fcnt\u00fcle<\/span><i class=\"a-icon-long-arrow-right\"><\/i><\/a>\t\t<\/div>\n\t\t\t\t<\/div>\n\t\t\t\t\t\t<\/div>\r\n\t\t\t\t<\/div>\r\n\t\t\t\t\t\t\t\t<\/div>\r\n\t\t\t<\/section>\r\n\t\t\t\t\t<section class=\" elementor-section elementor-top-section elementor-element elementor-element-701f285 elementor-section-boxed elementor-section-height-default elementor-section-height-default\" data-id=\"701f285\" data-element_type=\"section\">\r\n\t\t\t\t\t\t\t\t<div class=\"elementor-container elementor-column-gap-default\">\r\n\t\t\t\t\r\n\t\t\t\t\t\t\t\t<div class=\" elementor-column elementor-col-100 elementor-top-column elementor-element elementor-element-5c3a82d \" data-id=\"5c3a82d\" data-element_type=\"column\">\r\n\r\n\t\t\t\t\r\n\t\t\t\t<div class=\"elementor-widget-wrap\">\r\n\t\t\t\t\t\t\t\t\t\t\r\n\t\t\t\t\t\t\t\t<\/div>\r\n\t\t\t\t<\/div>\r\n\t\t\t\t\t\t\t\t<\/div>\r\n\t\t\t<\/section>\r\n\t\t\t\t\t\t\t\t<\/div>\n\t\t","protected":false},"excerpt":{"rendered":"<p>\u00dcr\u00fcn Kategorileri Otomatik Diki\u015f Kaynak Makineleri \u00dcr\u00fcnleri G\u00f6r\u00fcnt\u00fcle Teneke Kutu \u00dcretim Hatlar\u0131 \u00dcr\u00fcnleri G\u00f6r\u00fcnt\u00fcle Teneke Kutu Ekipman Makineleri \u00dcr\u00fcnleri G\u00f6r\u00fcnt\u00fcle End\u00fcstriyel \u00c7\u00f6z\u00fcmler \u00dcr\u00fcnleri G\u00f6r\u00fcnt\u00fcle<\/p>\n","protected":false},"author":1,"featured_media":0,"parent":0,"menu_order":0,"comment_status":"closed","ping_status":"closed","template":"","meta":[],"acf":[],"yoast_head":"<!-- This site is optimized with the Yoast SEO plugin v20.1 - https:\/\/yoast.com\/wordpress\/plugins\/seo\/ -->\n<title>Kategoriler - METPACKER<\/title>\n<meta name=\"robots\" content=\"index, follow, max-snippet:-1, max-image-preview:large, max-video-preview:-1\" \/>\n<link rel=\"canonical\" href=\"https:\/\/metpacker.com\/product-categories\/\" \/>\n<meta property=\"og:locale\" content=\"tr_TR\" \/>\n<meta property=\"og:type\" content=\"article\" \/>\n<meta property=\"og:title\" content=\"Kategoriler - METPACKER\" \/>\n<meta property=\"og:description\" content=\"\u00dcr\u00fcn Kategorileri Otomatik Diki\u015f Kaynak Makineleri \u00dcr\u00fcnleri G\u00f6r\u00fcnt\u00fcle Teneke Kutu \u00dcretim Hatlar\u0131 \u00dcr\u00fcnleri G\u00f6r\u00fcnt\u00fcle Teneke Kutu Ekipman Makineleri \u00dcr\u00fcnleri G\u00f6r\u00fcnt\u00fcle End\u00fcstriyel \u00c7\u00f6z\u00fcmler \u00dcr\u00fcnleri G\u00f6r\u00fcnt\u00fcle\" \/>\n<meta property=\"og:url\" content=\"https:\/\/metpacker.com\/product-categories\/\" \/>\n<meta property=\"og:site_name\" content=\"METPACKER\" \/>\n<meta property=\"article:modified_time\" content=\"2025-08-13T09:27:58+00:00\" \/>\n<meta property=\"og:image\" content=\"https:\/\/metpacker.com\/wp-content\/uploads\/2022\/12\/can-body-welder-768x432.jpg\" \/>\n<meta name=\"twitter:card\" content=\"summary_large_image\" \/>\n<meta name=\"twitter:site\" content=\"@metpacker\" \/>\n<meta name=\"twitter:label1\" content=\"Tahmini okuma s\u00fcresi\" \/>\n\t<meta name=\"twitter:data1\" content=\"1 dakika\" \/>\n<script type=\"application\/ld+json\" class=\"yoast-schema-graph\">{\"@context\":\"https:\/\/schema.org\",\"@graph\":[{\"@type\":\"WebPage\",\"@id\":\"https:\/\/metpacker.com\/product-categories\/\",\"url\":\"https:\/\/metpacker.com\/product-categories\/\",\"name\":\"Kategoriler - METPACKER\",\"isPartOf\":{\"@id\":\"https:\/\/metpacker.com\/#website\"},\"datePublished\":\"2022-03-21T14:18:32+00:00\",\"dateModified\":\"2025-08-13T09:27:58+00:00\",\"breadcrumb\":{\"@id\":\"https:\/\/metpacker.com\/product-categories\/#breadcrumb\"},\"inLanguage\":\"tr\",\"potentialAction\":[{\"@type\":\"ReadAction\",\"target\":[\"https:\/\/metpacker.com\/product-categories\/\"]}]},{\"@type\":\"BreadcrumbList\",\"@id\":\"https:\/\/metpacker.com\/product-categories\/#breadcrumb\",\"itemListElement\":[{\"@type\":\"ListItem\",\"position\":1,\"name\":\"Home\",\"item\":\"https:\/\/metpacker.com\/tr\/\"},{\"@type\":\"ListItem\",\"position\":2,\"name\":\"Kategoriler\"}]},{\"@type\":\"WebSite\",\"@id\":\"https:\/\/metpacker.com\/#website\",\"url\":\"https:\/\/metpacker.com\/\",\"name\":\"metpacker.com\",\"description\":\"Expert in Metal Packaging Machinery\",\"publisher\":{\"@id\":\"https:\/\/metpacker.com\/#organization\"},\"alternateName\":\"METPACKER\",\"potentialAction\":[{\"@type\":\"SearchAction\",\"target\":{\"@type\":\"EntryPoint\",\"urlTemplate\":\"https:\/\/metpacker.com\/?s={search_term_string}\"},\"query-input\":\"required name=search_term_string\"}],\"inLanguage\":\"tr\"},{\"@type\":\"Organization\",\"@id\":\"https:\/\/metpacker.com\/#organization\",\"name\":\"metpacker.com\",\"alternateName\":\"METPACKER\",\"url\":\"https:\/\/metpacker.com\/\",\"logo\":{\"@type\":\"ImageObject\",\"inLanguage\":\"tr\",\"@id\":\"https:\/\/metpacker.com\/#\/schema\/logo\/image\/\",\"url\":\"https:\/\/metpacker.com\/wp-content\/uploads\/2023\/01\/metpacker-logo.png\",\"contentUrl\":\"https:\/\/metpacker.com\/wp-content\/uploads\/2023\/01\/metpacker-logo.png\",\"width\":500,\"height\":57,\"caption\":\"metpacker.com\"},\"image\":{\"@id\":\"https:\/\/metpacker.com\/#\/schema\/logo\/image\/\"},\"sameAs\":[\"https:\/\/twitter.com\/metpacker\",\"https:\/\/www.instagram.com\/metpacker\/\",\"https:\/\/www.linkedin.com\/company\/metpacker\/about\/?viewAsMember=true\",\"https:\/\/www.youtube.com\/@metpacker651\"]}]}<\/script>\n<!-- \/ Yoast SEO plugin. -->","yoast_head_json":{"title":"Kategoriler - METPACKER","robots":{"index":"index","follow":"follow","max-snippet":"max-snippet:-1","max-image-preview":"max-image-preview:large","max-video-preview":"max-video-preview:-1"},"canonical":"https:\/\/metpacker.com\/product-categories\/","og_locale":"tr_TR","og_type":"article","og_title":"Kategoriler - METPACKER","og_description":"\u00dcr\u00fcn Kategorileri Otomatik Diki\u015f Kaynak Makineleri \u00dcr\u00fcnleri G\u00f6r\u00fcnt\u00fcle Teneke Kutu \u00dcretim Hatlar\u0131 \u00dcr\u00fcnleri G\u00f6r\u00fcnt\u00fcle Teneke Kutu Ekipman Makineleri \u00dcr\u00fcnleri G\u00f6r\u00fcnt\u00fcle End\u00fcstriyel \u00c7\u00f6z\u00fcmler \u00dcr\u00fcnleri G\u00f6r\u00fcnt\u00fcle","og_url":"https:\/\/metpacker.com\/product-categories\/","og_site_name":"METPACKER","article_modified_time":"2025-08-13T09:27:58+00:00","og_image":[{"url":"https:\/\/metpacker.com\/wp-content\/uploads\/2022\/12\/can-body-welder-768x432.jpg"}],"twitter_card":"summary_large_image","twitter_site":"@metpacker","twitter_misc":{"Tahmini okuma s\u00fcresi":"1 dakika"},"schema":{"@context":"https:\/\/schema.org","@graph":[{"@type":"WebPage","@id":"https:\/\/metpacker.com\/product-categories\/","url":"https:\/\/metpacker.com\/product-categories\/","name":"Kategoriler - METPACKER","isPartOf":{"@id":"https:\/\/metpacker.com\/#website"},"datePublished":"2022-03-21T14:18:32+00:00","dateModified":"2025-08-13T09:27:58+00:00","breadcrumb":{"@id":"https:\/\/metpacker.com\/product-categories\/#breadcrumb"},"inLanguage":"tr","potentialAction":[{"@type":"ReadAction","target":["https:\/\/metpacker.com\/product-categories\/"]}]},{"@type":"BreadcrumbList","@id":"https:\/\/metpacker.com\/product-categories\/#breadcrumb","itemListElement":[{"@type":"ListItem","position":1,"name":"Home","item":"https:\/\/metpacker.com\/tr\/"},{"@type":"ListItem","position":2,"name":"Kategoriler"}]},{"@type":"WebSite","@id":"https:\/\/metpacker.com\/#website","url":"https:\/\/metpacker.com\/","name":"metpacker.com","description":"Expert in Metal Packaging Machinery","publisher":{"@id":"https:\/\/metpacker.com\/#organization"},"alternateName":"METPACKER","potentialAction":[{"@type":"SearchAction","target":{"@type":"EntryPoint","urlTemplate":"https:\/\/metpacker.com\/?s={search_term_string}"},"query-input":"required name=search_term_string"}],"inLanguage":"tr"},{"@type":"Organization","@id":"https:\/\/metpacker.com\/#organization","name":"metpacker.com","alternateName":"METPACKER","url":"https:\/\/metpacker.com\/","logo":{"@type":"ImageObject","inLanguage":"tr","@id":"https:\/\/metpacker.com\/#\/schema\/logo\/image\/","url":"https:\/\/metpacker.com\/wp-content\/uploads\/2023\/01\/metpacker-logo.png","contentUrl":"https:\/\/metpacker.com\/wp-content\/uploads\/2023\/01\/metpacker-logo.png","width":500,"height":57,"caption":"metpacker.com"},"image":{"@id":"https:\/\/metpacker.com\/#\/schema\/logo\/image\/"},"sameAs":["https:\/\/twitter.com\/metpacker","https:\/\/www.instagram.com\/metpacker\/","https:\/\/www.linkedin.com\/company\/metpacker\/about\/?viewAsMember=true","https:\/\/www.youtube.com\/@metpacker651"]}]}},"_links":{"self":[{"href":"https:\/\/metpacker.com\/tr\/wp-json\/wp\/v2\/pages\/11046"}],"collection":[{"href":"https:\/\/metpacker.com\/tr\/wp-json\/wp\/v2\/pages"}],"about":[{"href":"https:\/\/metpacker.com\/tr\/wp-json\/wp\/v2\/types\/page"}],"author":[{"embeddable":true,"href":"https:\/\/metpacker.com\/tr\/wp-json\/wp\/v2\/users\/1"}],"replies":[{"embeddable":true,"href":"https:\/\/metpacker.com\/tr\/wp-json\/wp\/v2\/comments?post=11046"}],"version-history":[{"count":70,"href":"https:\/\/metpacker.com\/tr\/wp-json\/wp\/v2\/pages\/11046\/revisions"}],"predecessor-version":[{"id":15599,"href":"https:\/\/metpacker.com\/tr\/wp-json\/wp\/v2\/pages\/11046\/revisions\/15599"}],"wp:attachment":[{"href":"https:\/\/metpacker.com\/tr\/wp-json\/wp\/v2\/media?parent=11046"}],"curies":[{"name":"wp","href":"https:\/\/api.w.org\/{rel}","templated":true}]}}