{"id":11075,"date":"2023-01-13T13:22:05","date_gmt":"2023-01-13T10:22:05","guid":{"rendered":"https:\/\/metpacker.com\/?page_id=11075"},"modified":"2025-09-18T17:56:50","modified_gmt":"2025-09-18T14:56:50","slug":"otomatik-dikis-kaynak-makineleri","status":"publish","type":"page","link":"https:\/\/metpacker.com\/tr\/kategoriler\/otomatik-dikis-kaynak-makineleri\/","title":{"rendered":"Otomatik Diki\u015f Kaynak Makineleri"},"content":{"rendered":"\t\t<div data-elementor-type=\"wp-page\" data-elementor-id=\"11075\" class=\"elementor elementor-11075 elementor-10388\">\n\t\t\t\t\t\t\t\t\t<section class=\" elementor-section elementor-top-section elementor-element elementor-element-8a645df elementor-section-boxed elementor-section-height-default elementor-section-height-default\" data-id=\"8a645df\" data-element_type=\"section\">\r\n\t\t\t\t\t\t\t\t<div class=\"elementor-container elementor-column-gap-default\">\r\n\t\t\t\t\r\n\t\t\t\t\t\t\t\t<div class=\" elementor-column elementor-col-100 elementor-top-column elementor-element elementor-element-1a66f0c \" data-id=\"1a66f0c\" data-element_type=\"column\">\r\n\r\n\t\t\t\t\r\n\t\t\t\t<div class=\"elementor-widget-wrap elementor-element-populated\">\r\n\t\t\t\t\t\t\t\t\t\t\r\n\t\t\t\t\t\t<div class=\"elementor-element elementor-element-b359064 elementor-widget elementor-widget-heading\" data-id=\"b359064\" data-element_type=\"widget\" data-widget_type=\"heading.default\">\n\t\t\t\t<div class=\"elementor-widget-container\">\n\t\t\t<style>\/*! elementor - v3.10.1 - 17-01-2023 *\/\n.elementor-heading-title{padding:0;margin:0;line-height:1}.elementor-widget-heading .elementor-heading-title[class*=elementor-size-]>a{color:inherit;font-size:inherit;line-height:inherit}.elementor-widget-heading .elementor-heading-title.elementor-size-small{font-size:15px}.elementor-widget-heading .elementor-heading-title.elementor-size-medium{font-size:19px}.elementor-widget-heading .elementor-heading-title.elementor-size-large{font-size:29px}.elementor-widget-heading .elementor-heading-title.elementor-size-xl{font-size:39px}.elementor-widget-heading .elementor-heading-title.elementor-size-xxl{font-size:59px}<\/style><h2 class=\"elementor-heading-title elementor-size-default\">Otomatik Diki\u015f Kaynak Makineleri <\/h2>\t\t<\/div>\n\t\t\t\t<\/div>\n\t\t\t\t\t\t<\/div>\r\n\t\t\t\t<\/div>\r\n\t\t\t\t\t\t\t\t<\/div>\r\n\t\t\t<\/section>\r\n\t\t\t\t\t<section class=\" elementor-section elementor-top-section elementor-element elementor-element-4d08236 elementor-section-boxed elementor-section-height-default elementor-section-height-default\" data-id=\"4d08236\" data-element_type=\"section\">\r\n\t\t\t\t\t\t\t\t<div class=\"elementor-container elementor-column-gap-default\">\r\n\t\t\t\t\r\n\t\t\t\t\t\t\t\t<div class=\" elementor-column elementor-col-25 elementor-top-column elementor-element elementor-element-fb673df \" data-id=\"fb673df\" data-element_type=\"column\">\r\n\r\n\t\t\t\t\r\n\t\t\t\t<div class=\"elementor-widget-wrap elementor-element-populated\">\r\n\t\t\t\t\t\t\t\t\t\t\r\n\t\t\t\t\t\t<div class=\"elementor-element elementor-element-cdf800f elementor-position-top elementor-vertical-align-top elementor-widget elementor-widget-image-box\" data-id=\"cdf800f\" data-element_type=\"widget\" data-widget_type=\"image-box.default\">\n\t\t\t\t<div class=\"elementor-widget-container\">\n\t\t\t<style>.elementor-widget-image-box .elementor-image-box-content{width:100%}@media (min-width:768px){.elementor-widget-image-box.elementor-position-left .elementor-image-box-wrapper,.elementor-widget-image-box.elementor-position-right .elementor-image-box-wrapper{display:flex}.elementor-widget-image-box.elementor-position-right .elementor-image-box-wrapper{text-align:right;flex-direction:row-reverse}.elementor-widget-image-box.elementor-position-left .elementor-image-box-wrapper{text-align:left;flex-direction:row}.elementor-widget-image-box.elementor-position-top .elementor-image-box-img{margin:auto}.elementor-widget-image-box.elementor-vertical-align-top .elementor-image-box-wrapper{align-items:flex-start}.elementor-widget-image-box.elementor-vertical-align-middle .elementor-image-box-wrapper{align-items:center}.elementor-widget-image-box.elementor-vertical-align-bottom .elementor-image-box-wrapper{align-items:flex-end}}@media (max-width:767px){.elementor-widget-image-box .elementor-image-box-img{margin-left:auto!important;margin-right:auto!important;margin-bottom:15px}}.elementor-widget-image-box .elementor-image-box-img{display:inline-block}.elementor-widget-image-box .elementor-image-box-title a{color:inherit}.elementor-widget-image-box .elementor-image-box-wrapper{text-align:center}.elementor-widget-image-box .elementor-image-box-description{margin:0}<\/style><div class=\"elementor-image-box-wrapper\"><figure class=\"elementor-image-box-img\"><a href=\"https:\/\/metpacker.com\/tr\/kategoriler\/otomatik-dikis-kaynak-makineleri\/mp-bw106-otomatik-dikis-kaynak-makinesi\/\"><img width=\"1280\" height=\"720\" src=\"https:\/\/metpacker.com\/wp-content\/uploads\/2024\/09\/Can-Body-Welder.jpg\" class=\"elementor-animation-grow attachment-full size-full wp-image-14978\" alt=\"Can Body Welder\" srcset=\"https:\/\/metpacker.com\/wp-content\/uploads\/2024\/09\/Can-Body-Welder.jpg 1280w, https:\/\/metpacker.com\/wp-content\/uploads\/2024\/09\/Can-Body-Welder-1024x576.jpg 1024w, https:\/\/metpacker.com\/wp-content\/uploads\/2024\/09\/Can-Body-Welder-768x432.jpg 768w, https:\/\/metpacker.com\/wp-content\/uploads\/2024\/09\/Can-Body-Welder-780x440.jpg 780w\" sizes=\"(max-width: 1280px) 100vw, 1280px\" \/><\/a><\/figure><div class=\"elementor-image-box-content\"><h4 class=\"elementor-image-box-title\"><a href=\"https:\/\/metpacker.com\/tr\/kategoriler\/otomatik-dikis-kaynak-makineleri\/mp-bw106-otomatik-dikis-kaynak-makinesi\/\">MP-BW106 Otomatik Diki\u015f Kaynak Makinesi<\/a><\/h4><p class=\"elementor-image-box-description\">\u00dc\u00e7 par\u00e7al\u0131 teneke kutu \u00fcretiminin ilk ad\u0131m\u0131 olarak, \u015ferit halindeki teneke levhalar\u0131 otomatik olarak silindirik hale getirir ve diren\u00e7 kaynak y\u00f6ntemi ile birle\u015ftirerek diker.<\/p><\/div><\/div>\t\t<\/div>\n\t\t\t\t<\/div>\n\t\t\t\t<div class=\"elementor-element elementor-element-b46e330 elementor-widget elementor-widget-udesign_widget_button\" data-id=\"b46e330\" data-element_type=\"widget\" data-widget_type=\"udesign_widget_button.default\">\n\t\t\t\t<div class=\"elementor-widget-container\">\n\t\t\t<a class=\"btn btn-outline btn-rounded btn-dark btn-icon btn-icon-right\" href=\"https:\/\/metpacker.com\/tr\/kategoriler\/otomatik-dikis-kaynak-makineleri\/mp-bw106-otomatik-dikis-kaynak-makinesi\/\" ><span >\u00dcr\u00fcn Detaylar\u0131<\/span><i class=\"a-icon-long-arrow-right\"><\/i><\/a>\t\t<\/div>\n\t\t\t\t<\/div>\n\t\t\t\t\t\t<\/div>\r\n\t\t\t\t<\/div>\r\n\t\t\t\t\t\t\t\t\t<div class=\" elementor-column elementor-col-25 elementor-top-column elementor-element elementor-element-56349c5 \" data-id=\"56349c5\" data-element_type=\"column\">\r\n\r\n\t\t\t\t\r\n\t\t\t\t<div class=\"elementor-widget-wrap\">\r\n\t\t\t\t\t\t\t\t\t\t\r\n\t\t\t\t\t\t\t\t<\/div>\r\n\t\t\t\t<\/div>\r\n\t\t\t\t\t\t\t\t\t<div class=\" elementor-column elementor-col-25 elementor-top-column elementor-element elementor-element-6c1f0a1 \" data-id=\"6c1f0a1\" data-element_type=\"column\">\r\n\r\n\t\t\t\t\r\n\t\t\t\t<div class=\"elementor-widget-wrap\">\r\n\t\t\t\t\t\t\t\t\t\t\r\n\t\t\t\t\t\t\t\t<\/div>\r\n\t\t\t\t<\/div>\r\n\t\t\t\t\t\t\t\t\t<div class=\" elementor-column elementor-col-25 elementor-top-column elementor-element elementor-element-c03c69a \" data-id=\"c03c69a\" data-element_type=\"column\">\r\n\r\n\t\t\t\t\r\n\t\t\t\t<div class=\"elementor-widget-wrap\">\r\n\t\t\t\t\t\t\t\t\t\t\r\n\t\t\t\t\t\t\t\t<\/div>\r\n\t\t\t\t<\/div>\r\n\t\t\t\t\t\t\t\t<\/div>\r\n\t\t\t<\/section>\r\n\t\t\t\t\t<section class=\" elementor-section elementor-top-section elementor-element elementor-element-6f134d8 elementor-section-boxed elementor-section-height-default elementor-section-height-default\" data-id=\"6f134d8\" data-element_type=\"section\">\r\n\t\t\t\t\t\t\t\t<div class=\"elementor-container elementor-column-gap-default\">\r\n\t\t\t\t\r\n\t\t\t\t\t\t\t\t<div class=\" elementor-column elementor-col-100 elementor-top-column elementor-element elementor-element-96791fc \" data-id=\"96791fc\" data-element_type=\"column\">\r\n\r\n\t\t\t\t\r\n\t\t\t\t<div class=\"elementor-widget-wrap elementor-element-populated\">\r\n\t\t\t\t\t\t\t\t\t\t\r\n\t\t\t\t\t\t<div class=\"elementor-element elementor-element-d490556 elementor-widget elementor-widget-spacer\" data-id=\"d490556\" data-element_type=\"widget\" data-widget_type=\"spacer.default\">\n\t\t\t\t<div class=\"elementor-widget-container\">\n\t\t\t<style>\/*! elementor - v3.10.1 - 17-01-2023 *\/\n.elementor-column .elementor-spacer-inner{height:var(--spacer-size)}.e-con{--container-widget-width:100%}.e-con-inner>.elementor-widget-spacer,.e-con>.elementor-widget-spacer{width:var(--container-widget-width,var(--spacer-size));--align-self:var(--container-widget-align-self,initial);--flex-shrink:0}.e-con-inner>.elementor-widget-spacer>.elementor-widget-container,.e-con-inner>.elementor-widget-spacer>.elementor-widget-container>.elementor-spacer,.e-con>.elementor-widget-spacer>.elementor-widget-container,.e-con>.elementor-widget-spacer>.elementor-widget-container>.elementor-spacer{height:100%}.e-con-inner>.elementor-widget-spacer>.elementor-widget-container>.elementor-spacer>.elementor-spacer-inner,.e-con>.elementor-widget-spacer>.elementor-widget-container>.elementor-spacer>.elementor-spacer-inner{height:var(--container-widget-height,var(--spacer-size))}<\/style>\t\t<div class=\"elementor-spacer\">\n\t\t\t<div class=\"elementor-spacer-inner\"><\/div>\n\t\t<\/div>\n\t\t\t\t<\/div>\n\t\t\t\t<\/div>\n\t\t\t\t\t\t<\/div>\r\n\t\t\t\t<\/div>\r\n\t\t\t\t\t\t\t\t<\/div>\r\n\t\t\t<\/section>\r\n\t\t\t\t\t\t\t\t<\/div>\n\t\t","protected":false},"excerpt":{"rendered":"<p>Otomatik Diki\u015f Kaynak Makineleri MP-BW106 Otomatik Diki\u015f Kaynak Makinesi \u00dc\u00e7 par\u00e7al\u0131 teneke kutu \u00fcretiminin ilk ad\u0131m\u0131 olarak, \u015ferit halindeki teneke levhalar\u0131 otomatik olarak silindirik hale getirir ve diren\u00e7 kaynak y\u00f6ntemi ile birle\u015ftirerek diker. \u00dcr\u00fcn Detaylar\u0131<\/p>\n","protected":false},"author":1,"featured_media":0,"parent":11046,"menu_order":0,"comment_status":"closed","ping_status":"closed","template":"","meta":[],"acf":[],"yoast_head":"<!-- This site is optimized with the Yoast SEO plugin v20.1 - https:\/\/yoast.com\/wordpress\/plugins\/seo\/ -->\n<title>Otomatik Diki\u015f Kaynak Makineleri - METPACKER<\/title>\n<meta name=\"robots\" content=\"index, follow, max-snippet:-1, max-image-preview:large, max-video-preview:-1\" \/>\n<link rel=\"canonical\" href=\"https:\/\/metpacker.com\/tr\/kategoriler\/otomatik-dikis-kaynak-makineleri\/\" \/>\n<meta property=\"og:locale\" content=\"tr_TR\" \/>\n<meta property=\"og:type\" content=\"article\" \/>\n<meta property=\"og:title\" content=\"Otomatik Diki\u015f Kaynak Makineleri - METPACKER\" \/>\n<meta property=\"og:description\" content=\"Otomatik Diki\u015f Kaynak Makineleri MP-BW106 Otomatik Diki\u015f Kaynak Makinesi \u00dc\u00e7 par\u00e7al\u0131 teneke kutu \u00fcretiminin ilk ad\u0131m\u0131 olarak, \u015ferit halindeki teneke levhalar\u0131 otomatik olarak silindirik hale getirir ve diren\u00e7 kaynak y\u00f6ntemi ile birle\u015ftirerek diker. \u00dcr\u00fcn Detaylar\u0131\" \/>\n<meta property=\"og:url\" content=\"https:\/\/metpacker.com\/tr\/kategoriler\/otomatik-dikis-kaynak-makineleri\/\" \/>\n<meta property=\"og:site_name\" content=\"METPACKER\" \/>\n<meta property=\"article:modified_time\" content=\"2025-09-18T14:56:50+00:00\" \/>\n<meta property=\"og:image\" content=\"https:\/\/metpacker.com\/wp-content\/uploads\/2024\/09\/Can-Body-Welder.jpg\" \/>\n<meta name=\"twitter:card\" content=\"summary_large_image\" \/>\n<meta name=\"twitter:site\" content=\"@metpacker\" \/>\n<meta name=\"twitter:label1\" content=\"Tahmini okuma s\u00fcresi\" \/>\n\t<meta name=\"twitter:data1\" content=\"1 dakika\" \/>\n<script type=\"application\/ld+json\" class=\"yoast-schema-graph\">{\"@context\":\"https:\/\/schema.org\",\"@graph\":[{\"@type\":\"WebPage\",\"@id\":\"https:\/\/metpacker.com\/tr\/kategoriler\/otomatik-dikis-kaynak-makineleri\/\",\"url\":\"https:\/\/metpacker.com\/tr\/kategoriler\/otomatik-dikis-kaynak-makineleri\/\",\"name\":\"Otomatik Diki\u015f Kaynak Makineleri - METPACKER\",\"isPartOf\":{\"@id\":\"https:\/\/metpacker.com\/#website\"},\"datePublished\":\"2023-01-13T10:22:05+00:00\",\"dateModified\":\"2025-09-18T14:56:50+00:00\",\"breadcrumb\":{\"@id\":\"https:\/\/metpacker.com\/tr\/kategoriler\/otomatik-dikis-kaynak-makineleri\/#breadcrumb\"},\"inLanguage\":\"tr\",\"potentialAction\":[{\"@type\":\"ReadAction\",\"target\":[\"https:\/\/metpacker.com\/tr\/kategoriler\/otomatik-dikis-kaynak-makineleri\/\"]}]},{\"@type\":\"BreadcrumbList\",\"@id\":\"https:\/\/metpacker.com\/tr\/kategoriler\/otomatik-dikis-kaynak-makineleri\/#breadcrumb\",\"itemListElement\":[{\"@type\":\"ListItem\",\"position\":1,\"name\":\"Home\",\"item\":\"https:\/\/metpacker.com\/tr\/\"},{\"@type\":\"ListItem\",\"position\":2,\"name\":\"Kategoriler\",\"item\":\"https:\/\/metpacker.com\/product-categories\/\"},{\"@type\":\"ListItem\",\"position\":3,\"name\":\"Otomatik Diki\u015f Kaynak Makineleri\"}]},{\"@type\":\"WebSite\",\"@id\":\"https:\/\/metpacker.com\/#website\",\"url\":\"https:\/\/metpacker.com\/\",\"name\":\"metpacker.com\",\"description\":\"Expert in Metal Packaging Machinery\",\"publisher\":{\"@id\":\"https:\/\/metpacker.com\/#organization\"},\"alternateName\":\"METPACKER\",\"potentialAction\":[{\"@type\":\"SearchAction\",\"target\":{\"@type\":\"EntryPoint\",\"urlTemplate\":\"https:\/\/metpacker.com\/?s={search_term_string}\"},\"query-input\":\"required name=search_term_string\"}],\"inLanguage\":\"tr\"},{\"@type\":\"Organization\",\"@id\":\"https:\/\/metpacker.com\/#organization\",\"name\":\"metpacker.com\",\"alternateName\":\"METPACKER\",\"url\":\"https:\/\/metpacker.com\/\",\"logo\":{\"@type\":\"ImageObject\",\"inLanguage\":\"tr\",\"@id\":\"https:\/\/metpacker.com\/#\/schema\/logo\/image\/\",\"url\":\"https:\/\/metpacker.com\/wp-content\/uploads\/2023\/01\/metpacker-logo.png\",\"contentUrl\":\"https:\/\/metpacker.com\/wp-content\/uploads\/2023\/01\/metpacker-logo.png\",\"width\":500,\"height\":57,\"caption\":\"metpacker.com\"},\"image\":{\"@id\":\"https:\/\/metpacker.com\/#\/schema\/logo\/image\/\"},\"sameAs\":[\"https:\/\/twitter.com\/metpacker\",\"https:\/\/www.instagram.com\/metpacker\/\",\"https:\/\/www.linkedin.com\/company\/metpacker\/about\/?viewAsMember=true\",\"https:\/\/www.youtube.com\/@metpacker651\"]}]}<\/script>\n<!-- \/ Yoast SEO plugin. -->","yoast_head_json":{"title":"Otomatik Diki\u015f Kaynak Makineleri - METPACKER","robots":{"index":"index","follow":"follow","max-snippet":"max-snippet:-1","max-image-preview":"max-image-preview:large","max-video-preview":"max-video-preview:-1"},"canonical":"https:\/\/metpacker.com\/tr\/kategoriler\/otomatik-dikis-kaynak-makineleri\/","og_locale":"tr_TR","og_type":"article","og_title":"Otomatik Diki\u015f Kaynak Makineleri - METPACKER","og_description":"Otomatik Diki\u015f Kaynak Makineleri MP-BW106 Otomatik Diki\u015f Kaynak Makinesi \u00dc\u00e7 par\u00e7al\u0131 teneke kutu \u00fcretiminin ilk ad\u0131m\u0131 olarak, \u015ferit halindeki teneke levhalar\u0131 otomatik olarak silindirik hale getirir ve diren\u00e7 kaynak y\u00f6ntemi ile birle\u015ftirerek diker. \u00dcr\u00fcn Detaylar\u0131","og_url":"https:\/\/metpacker.com\/tr\/kategoriler\/otomatik-dikis-kaynak-makineleri\/","og_site_name":"METPACKER","article_modified_time":"2025-09-18T14:56:50+00:00","og_image":[{"url":"https:\/\/metpacker.com\/wp-content\/uploads\/2024\/09\/Can-Body-Welder.jpg"}],"twitter_card":"summary_large_image","twitter_site":"@metpacker","twitter_misc":{"Tahmini okuma s\u00fcresi":"1 dakika"},"schema":{"@context":"https:\/\/schema.org","@graph":[{"@type":"WebPage","@id":"https:\/\/metpacker.com\/tr\/kategoriler\/otomatik-dikis-kaynak-makineleri\/","url":"https:\/\/metpacker.com\/tr\/kategoriler\/otomatik-dikis-kaynak-makineleri\/","name":"Otomatik Diki\u015f Kaynak Makineleri - METPACKER","isPartOf":{"@id":"https:\/\/metpacker.com\/#website"},"datePublished":"2023-01-13T10:22:05+00:00","dateModified":"2025-09-18T14:56:50+00:00","breadcrumb":{"@id":"https:\/\/metpacker.com\/tr\/kategoriler\/otomatik-dikis-kaynak-makineleri\/#breadcrumb"},"inLanguage":"tr","potentialAction":[{"@type":"ReadAction","target":["https:\/\/metpacker.com\/tr\/kategoriler\/otomatik-dikis-kaynak-makineleri\/"]}]},{"@type":"BreadcrumbList","@id":"https:\/\/metpacker.com\/tr\/kategoriler\/otomatik-dikis-kaynak-makineleri\/#breadcrumb","itemListElement":[{"@type":"ListItem","position":1,"name":"Home","item":"https:\/\/metpacker.com\/tr\/"},{"@type":"ListItem","position":2,"name":"Kategoriler","item":"https:\/\/metpacker.com\/product-categories\/"},{"@type":"ListItem","position":3,"name":"Otomatik Diki\u015f Kaynak Makineleri"}]},{"@type":"WebSite","@id":"https:\/\/metpacker.com\/#website","url":"https:\/\/metpacker.com\/","name":"metpacker.com","description":"Expert in Metal Packaging Machinery","publisher":{"@id":"https:\/\/metpacker.com\/#organization"},"alternateName":"METPACKER","potentialAction":[{"@type":"SearchAction","target":{"@type":"EntryPoint","urlTemplate":"https:\/\/metpacker.com\/?s={search_term_string}"},"query-input":"required name=search_term_string"}],"inLanguage":"tr"},{"@type":"Organization","@id":"https:\/\/metpacker.com\/#organization","name":"metpacker.com","alternateName":"METPACKER","url":"https:\/\/metpacker.com\/","logo":{"@type":"ImageObject","inLanguage":"tr","@id":"https:\/\/metpacker.com\/#\/schema\/logo\/image\/","url":"https:\/\/metpacker.com\/wp-content\/uploads\/2023\/01\/metpacker-logo.png","contentUrl":"https:\/\/metpacker.com\/wp-content\/uploads\/2023\/01\/metpacker-logo.png","width":500,"height":57,"caption":"metpacker.com"},"image":{"@id":"https:\/\/metpacker.com\/#\/schema\/logo\/image\/"},"sameAs":["https:\/\/twitter.com\/metpacker","https:\/\/www.instagram.com\/metpacker\/","https:\/\/www.linkedin.com\/company\/metpacker\/about\/?viewAsMember=true","https:\/\/www.youtube.com\/@metpacker651"]}]}},"_links":{"self":[{"href":"https:\/\/metpacker.com\/tr\/wp-json\/wp\/v2\/pages\/11075"}],"collection":[{"href":"https:\/\/metpacker.com\/tr\/wp-json\/wp\/v2\/pages"}],"about":[{"href":"https:\/\/metpacker.com\/tr\/wp-json\/wp\/v2\/types\/page"}],"author":[{"embeddable":true,"href":"https:\/\/metpacker.com\/tr\/wp-json\/wp\/v2\/users\/1"}],"replies":[{"embeddable":true,"href":"https:\/\/metpacker.com\/tr\/wp-json\/wp\/v2\/comments?post=11075"}],"version-history":[{"count":61,"href":"https:\/\/metpacker.com\/tr\/wp-json\/wp\/v2\/pages\/11075\/revisions"}],"predecessor-version":[{"id":15807,"href":"https:\/\/metpacker.com\/tr\/wp-json\/wp\/v2\/pages\/11075\/revisions\/15807"}],"up":[{"embeddable":true,"href":"https:\/\/metpacker.com\/tr\/wp-json\/wp\/v2\/pages\/11046"}],"wp:attachment":[{"href":"https:\/\/metpacker.com\/tr\/wp-json\/wp\/v2\/media?parent=11075"}],"curies":[{"name":"wp","href":"https:\/\/api.w.org\/{rel}","templated":true}]}}