{"id":11133,"date":"2023-01-13T16:04:36","date_gmt":"2023-01-13T13:04:36","guid":{"rendered":"https:\/\/metpacker.com\/?page_id=11133"},"modified":"2024-02-28T21:58:33","modified_gmt":"2024-02-28T18:58:33","slug":"teneke-kutu-ekipman-makineleri","status":"publish","type":"page","link":"https:\/\/metpacker.com\/tr\/kategoriler\/teneke-kutu-ekipman-makineleri\/","title":{"rendered":"Teneke Kutu Ekipman Makineleri"},"content":{"rendered":"\t\t<div data-elementor-type=\"wp-page\" data-elementor-id=\"11133\" class=\"elementor elementor-11133 elementor-10488\">\n\t\t\t\t\t\t\t\t\t<section class=\" elementor-section elementor-top-section elementor-element elementor-element-c7983f7 elementor-section-boxed elementor-section-height-default elementor-section-height-default\" data-id=\"c7983f7\" data-element_type=\"section\">\r\n\t\t\t\t\t\t\t\t<div class=\"elementor-container elementor-column-gap-default\">\r\n\t\t\t\t\r\n\t\t\t\t\t\t\t\t<div class=\" elementor-column elementor-col-100 elementor-top-column elementor-element elementor-element-fa55f78 \" data-id=\"fa55f78\" data-element_type=\"column\">\r\n\r\n\t\t\t\t\r\n\t\t\t\t<div class=\"elementor-widget-wrap elementor-element-populated\">\r\n\t\t\t\t\t\t\t\t\t\t\r\n\t\t\t\t\t\t<div class=\"elementor-element elementor-element-dc8111a elementor-widget elementor-widget-spacer\" data-id=\"dc8111a\" data-element_type=\"widget\" data-widget_type=\"spacer.default\">\n\t\t\t\t<div class=\"elementor-widget-container\">\n\t\t\t<style>\/*! elementor - v3.10.1 - 17-01-2023 *\/\n.elementor-column .elementor-spacer-inner{height:var(--spacer-size)}.e-con{--container-widget-width:100%}.e-con-inner>.elementor-widget-spacer,.e-con>.elementor-widget-spacer{width:var(--container-widget-width,var(--spacer-size));--align-self:var(--container-widget-align-self,initial);--flex-shrink:0}.e-con-inner>.elementor-widget-spacer>.elementor-widget-container,.e-con-inner>.elementor-widget-spacer>.elementor-widget-container>.elementor-spacer,.e-con>.elementor-widget-spacer>.elementor-widget-container,.e-con>.elementor-widget-spacer>.elementor-widget-container>.elementor-spacer{height:100%}.e-con-inner>.elementor-widget-spacer>.elementor-widget-container>.elementor-spacer>.elementor-spacer-inner,.e-con>.elementor-widget-spacer>.elementor-widget-container>.elementor-spacer>.elementor-spacer-inner{height:var(--container-widget-height,var(--spacer-size))}<\/style>\t\t<div class=\"elementor-spacer\">\n\t\t\t<div class=\"elementor-spacer-inner\"><\/div>\n\t\t<\/div>\n\t\t\t\t<\/div>\n\t\t\t\t<\/div>\n\t\t\t\t\t\t<\/div>\r\n\t\t\t\t<\/div>\r\n\t\t\t\t\t\t\t\t<\/div>\r\n\t\t\t<\/section>\r\n\t\t\t\t\t<section class=\" elementor-section elementor-top-section elementor-element elementor-element-eb11418 elementor-section-boxed elementor-section-height-default elementor-section-height-default\" data-id=\"eb11418\" data-element_type=\"section\">\r\n\t\t\t\t\t\t\t\t<div class=\"elementor-container elementor-column-gap-default\">\r\n\t\t\t\t\r\n\t\t\t\t\t\t\t\t<div class=\" elementor-column elementor-col-100 elementor-top-column elementor-element elementor-element-0a4b32b \" data-id=\"0a4b32b\" data-element_type=\"column\">\r\n\r\n\t\t\t\t\r\n\t\t\t\t<div class=\"elementor-widget-wrap elementor-element-populated\">\r\n\t\t\t\t\t\t\t\t\t\t\r\n\t\t\t\t\t\t<div class=\"elementor-element elementor-element-597ab97 elementor-widget elementor-widget-heading\" data-id=\"597ab97\" data-element_type=\"widget\" data-widget_type=\"heading.default\">\n\t\t\t\t<div class=\"elementor-widget-container\">\n\t\t\t<style>\/*! elementor - v3.10.1 - 17-01-2023 *\/\n.elementor-heading-title{padding:0;margin:0;line-height:1}.elementor-widget-heading .elementor-heading-title[class*=elementor-size-]>a{color:inherit;font-size:inherit;line-height:inherit}.elementor-widget-heading .elementor-heading-title.elementor-size-small{font-size:15px}.elementor-widget-heading .elementor-heading-title.elementor-size-medium{font-size:19px}.elementor-widget-heading .elementor-heading-title.elementor-size-large{font-size:29px}.elementor-widget-heading .elementor-heading-title.elementor-size-xl{font-size:39px}.elementor-widget-heading .elementor-heading-title.elementor-size-xxl{font-size:59px}<\/style><h2 class=\"elementor-heading-title elementor-size-default\">Teneke Kutu Ekipman Makineleri<\/h2>\t\t<\/div>\n\t\t\t\t<\/div>\n\t\t\t\t\t\t<\/div>\r\n\t\t\t\t<\/div>\r\n\t\t\t\t\t\t\t\t<\/div>\r\n\t\t\t<\/section>\r\n\t\t\t\t\t<section class=\" elementor-section elementor-top-section elementor-element elementor-element-45cd6f2 elementor-section-boxed elementor-section-height-default elementor-section-height-default\" data-id=\"45cd6f2\" data-element_type=\"section\">\r\n\t\t\t\t\t\t\t\t<div class=\"elementor-container elementor-column-gap-default\">\r\n\t\t\t\t\r\n\t\t\t\t\t\t\t\t<div class=\" elementor-column elementor-col-25 elementor-top-column elementor-element elementor-element-bbaa286 \" data-id=\"bbaa286\" data-element_type=\"column\">\r\n\r\n\t\t\t\t\r\n\t\t\t\t<div class=\"elementor-widget-wrap elementor-element-populated\">\r\n\t\t\t\t\t\t\t\t\t\t\r\n\t\t\t\t\t\t<div class=\"elementor-element elementor-element-df11690 elementor-position-top elementor-vertical-align-top elementor-widget elementor-widget-image-box\" data-id=\"df11690\" data-element_type=\"widget\" data-widget_type=\"image-box.default\">\n\t\t\t\t<div class=\"elementor-widget-container\">\n\t\t\t<style>.elementor-widget-image-box .elementor-image-box-content{width:100%}@media (min-width:768px){.elementor-widget-image-box.elementor-position-left .elementor-image-box-wrapper,.elementor-widget-image-box.elementor-position-right .elementor-image-box-wrapper{display:flex}.elementor-widget-image-box.elementor-position-right .elementor-image-box-wrapper{text-align:right;flex-direction:row-reverse}.elementor-widget-image-box.elementor-position-left .elementor-image-box-wrapper{text-align:left;flex-direction:row}.elementor-widget-image-box.elementor-position-top .elementor-image-box-img{margin:auto}.elementor-widget-image-box.elementor-vertical-align-top .elementor-image-box-wrapper{align-items:flex-start}.elementor-widget-image-box.elementor-vertical-align-middle .elementor-image-box-wrapper{align-items:center}.elementor-widget-image-box.elementor-vertical-align-bottom .elementor-image-box-wrapper{align-items:flex-end}}@media (max-width:767px){.elementor-widget-image-box .elementor-image-box-img{margin-left:auto!important;margin-right:auto!important;margin-bottom:15px}}.elementor-widget-image-box .elementor-image-box-img{display:inline-block}.elementor-widget-image-box .elementor-image-box-title a{color:inherit}.elementor-widget-image-box .elementor-image-box-wrapper{text-align:center}.elementor-widget-image-box .elementor-image-box-description{margin:0}<\/style><div class=\"elementor-image-box-wrapper\"><figure class=\"elementor-image-box-img\"><a href=\"https:\/\/metpacker.com\/tr\/kategoriler\/teneke-kutu-uretim-hatlari\/koseli-dip-kapak-hatti\/\"><img width=\"684\" height=\"716\" src=\"https:\/\/metpacker.com\/wp-content\/uploads\/2023\/04\/web-pres-hatti-02.jpg\" class=\"elementor-animation-grow attachment-full size-full wp-image-12984\" alt=\"\" \/><\/a><\/figure><div class=\"elementor-image-box-content\"><h4 class=\"elementor-image-box-title\"><a href=\"https:\/\/metpacker.com\/tr\/kategoriler\/teneke-kutu-uretim-hatlari\/koseli-dip-kapak-hatti\/\">K\u00f6\u015feli Dip Kapak Hatt\u0131<\/a><\/h4><p class=\"elementor-image-box-description\">Tam otomatik olarak \u00e7al\u0131\u015fan hatt\u0131m\u0131z \u015ferit s\u00fcr\u00fcc\u00fcl\u00fc pres, \u00f6n k\u0131v\u0131rma ve nihai t\u00fcm kenarlar\u0131 k\u0131v\u0131rma ve contalama makinesi, dik\/yatay f\u0131r\u0131n, kamera sistemi ile g\u00f6r\u00fcnt\u00fcl\u00fc kontrol ve istifleme \u00fcnitesi i\u00e7ermektedir.<\/p><\/div><\/div>\t\t<\/div>\n\t\t\t\t<\/div>\n\t\t\t\t<div class=\"elementor-element elementor-element-d64e2b5 elementor-widget elementor-widget-udesign_widget_button\" data-id=\"d64e2b5\" data-element_type=\"widget\" data-widget_type=\"udesign_widget_button.default\">\n\t\t\t\t<div class=\"elementor-widget-container\">\n\t\t\t<a class=\"btn btn-outline btn-rounded btn-dark btn-icon btn-icon-right\" href=\"https:\/\/metpacker.com\/tr\/kategoriler\/teneke-kutu-uretim-hatlari\/koseli-dip-kapak-hatti\/\" ><span >\u00dcr\u00fcn Detaylar\u0131<\/span><i class=\"a-icon-long-arrow-right\"><\/i><\/a>\t\t<\/div>\n\t\t\t\t<\/div>\n\t\t\t\t\t\t<\/div>\r\n\t\t\t\t<\/div>\r\n\t\t\t\t\t\t\t\t\t<div class=\" elementor-column elementor-col-25 elementor-top-column elementor-element elementor-element-38b81fe \" data-id=\"38b81fe\" data-element_type=\"column\">\r\n\r\n\t\t\t\t\r\n\t\t\t\t<div class=\"elementor-widget-wrap elementor-element-populated\">\r\n\t\t\t\t\t\t\t\t\t\t\r\n\t\t\t\t\t\t<div class=\"elementor-element elementor-element-219cb8b elementor-position-top elementor-vertical-align-top elementor-widget elementor-widget-image-box\" data-id=\"219cb8b\" data-element_type=\"widget\" data-widget_type=\"image-box.default\">\n\t\t\t\t<div class=\"elementor-widget-container\">\n\t\t\t<div class=\"elementor-image-box-wrapper\"><figure class=\"elementor-image-box-img\"><a href=\"https:\/\/metpacker.com\/tr\/kategoriler\/teneke-kutu-ekipman-makineleri\/mp-rl210-yuvarlak-ciftli-contalama-makinesi\/\"><img width=\"516\" height=\"600\" src=\"https:\/\/metpacker.com\/wp-content\/uploads\/2023\/01\/MP-RL210-round-double-liner_01.jpg\" class=\"elementor-animation-grow attachment-full size-full wp-image-10490\" alt=\"MP RL210 Round Double Liner\" \/><\/a><\/figure><div class=\"elementor-image-box-content\"><h4 class=\"elementor-image-box-title\"><a href=\"https:\/\/metpacker.com\/tr\/kategoriler\/teneke-kutu-ekipman-makineleri\/mp-rl210-yuvarlak-ciftli-contalama-makinesi\/\">MP-RL210 Yuvarlak \u00c7iftli Contalama Makinesi<\/a><\/h4><p class=\"elementor-image-box-description\">Yuvarlak dip, kapak ve \u00e7emberlerdeki s\u0131zd\u0131rmazl\u0131k contas\u0131n\u0131 s\u00fcrmek i\u00e7in geli\u015ftirilmi\u015f tam otomatik bir makinedir.<\/p><\/div><\/div>\t\t<\/div>\n\t\t\t\t<\/div>\n\t\t\t\t<div class=\"elementor-element elementor-element-f13a79d elementor-widget elementor-widget-udesign_widget_button\" data-id=\"f13a79d\" data-element_type=\"widget\" data-settings=\"{&quot;_animation_delay&quot;:600,&quot;_animation&quot;:&quot;none&quot;,&quot;_animation_mobile&quot;:&quot;none&quot;}\" data-widget_type=\"udesign_widget_button.default\">\n\t\t\t\t<div class=\"elementor-widget-container\">\n\t\t\t<a class=\"btn btn-outline btn-rounded btn-dark btn-icon btn-icon-right\" href=\"https:\/\/metpacker.com\/tr\/kategoriler\/teneke-kutu-ekipman-makineleri\/mp-rl210-yuvarlak-ciftli-contalama-makinesi\/\" ><span >\u00dcr\u00fcn Detaylar\u0131<\/span><i class=\"a-icon-long-arrow-right\"><\/i><\/a>\t\t<\/div>\n\t\t\t\t<\/div>\n\t\t\t\t\t\t<\/div>\r\n\t\t\t\t<\/div>\r\n\t\t\t\t\t\t\t\t\t<div class=\" elementor-column elementor-col-25 elementor-top-column elementor-element elementor-element-7af7835 \" data-id=\"7af7835\" data-element_type=\"column\">\r\n\r\n\t\t\t\t\r\n\t\t\t\t<div class=\"elementor-widget-wrap elementor-element-populated\">\r\n\t\t\t\t\t\t\t\t\t\t\r\n\t\t\t\t\t\t<div class=\"elementor-element elementor-element-a9530f2 hidden elementor-position-top elementor-vertical-align-top elementor-widget elementor-widget-image-box\" data-id=\"a9530f2\" data-element_type=\"widget\" data-widget_type=\"image-box.default\">\n\t\t\t\t<div class=\"elementor-widget-container\">\n\t\t\t<div class=\"elementor-image-box-wrapper\"><figure class=\"elementor-image-box-img\"><a href=\"https:\/\/metpacker.com\/tr\/kategoriler\/teneke-kutu-ekipman-makineleri\/mp-vo210-dik-firin\/\"><img width=\"516\" height=\"600\" src=\"https:\/\/metpacker.com\/wp-content\/uploads\/2023\/01\/MP-VO210-vertical-oven_01.jpg\" class=\"elementor-animation-grow attachment-full size-full wp-image-10518\" alt=\"\" \/><\/a><\/figure><div class=\"elementor-image-box-content\"><h4 class=\"elementor-image-box-title\"><a href=\"https:\/\/metpacker.com\/tr\/kategoriler\/teneke-kutu-ekipman-makineleri\/mp-vo210-dik-firin\/\">MP-VO210<br\/>Dik F\u0131r\u0131n<\/a><\/h4><p class=\"elementor-image-box-description\">Dip, kapak ve \u00e7emberlerin su bazl\u0131 s\u0131zd\u0131rmazl\u0131k contalar\u0131n\u0131n kurutulmas\u0131n\u0131 sa\u011flayan \u00f6zel tasarlanm\u0131\u015f bir makinedir.<\/p><\/div><\/div>\t\t<\/div>\n\t\t\t\t<\/div>\n\t\t\t\t<div class=\"elementor-element elementor-element-7be298d elementor-widget elementor-widget-udesign_widget_button\" data-id=\"7be298d\" data-element_type=\"widget\" data-settings=\"{&quot;_animation_delay&quot;:600,&quot;_animation&quot;:&quot;none&quot;,&quot;_animation_mobile&quot;:&quot;none&quot;}\" data-widget_type=\"udesign_widget_button.default\">\n\t\t\t\t<div class=\"elementor-widget-container\">\n\t\t\t<a class=\"btn btn-outline btn-rounded btn-dark btn-icon btn-icon-right\" href=\"https:\/\/metpacker.com\/tr\/kategoriler\/teneke-kutu-ekipman-makineleri\/mp-vo210-dik-firin\/\" ><span >\u00dcr\u00fcn Detaylar\u0131<\/span><i class=\"a-icon-long-arrow-right\"><\/i><\/a>\t\t<\/div>\n\t\t\t\t<\/div>\n\t\t\t\t\t\t<\/div>\r\n\t\t\t\t<\/div>\r\n\t\t\t\t\t\t\t\t\t<div class=\" elementor-column elementor-col-25 elementor-top-column elementor-element elementor-element-b6171ee \" data-id=\"b6171ee\" data-element_type=\"column\">\r\n\r\n\t\t\t\t\r\n\t\t\t\t<div class=\"elementor-widget-wrap\">\r\n\t\t\t\t\t\t\t\t\t\t\r\n\t\t\t\t\t\t\t\t<\/div>\r\n\t\t\t\t<\/div>\r\n\t\t\t\t\t\t\t\t<\/div>\r\n\t\t\t<\/section>\r\n\t\t\t\t\t<section class=\" elementor-section elementor-top-section elementor-element elementor-element-5237dc4 elementor-section-boxed elementor-section-height-default elementor-section-height-default\" data-id=\"5237dc4\" data-element_type=\"section\">\r\n\t\t\t\t\t\t\t\t<div class=\"elementor-container elementor-column-gap-default\">\r\n\t\t\t\t\r\n\t\t\t\t\t\t\t\t<div class=\" elementor-column elementor-col-100 elementor-top-column elementor-element elementor-element-2daa6f9 \" data-id=\"2daa6f9\" data-element_type=\"column\">\r\n\r\n\t\t\t\t\r\n\t\t\t\t<div class=\"elementor-widget-wrap elementor-element-populated\">\r\n\t\t\t\t\t\t\t\t\t\t\r\n\t\t\t\t\t\t<div class=\"elementor-element elementor-element-911177f elementor-widget elementor-widget-spacer\" data-id=\"911177f\" data-element_type=\"widget\" data-widget_type=\"spacer.default\">\n\t\t\t\t<div class=\"elementor-widget-container\">\n\t\t\t\t\t<div class=\"elementor-spacer\">\n\t\t\t<div class=\"elementor-spacer-inner\"><\/div>\n\t\t<\/div>\n\t\t\t\t<\/div>\n\t\t\t\t<\/div>\n\t\t\t\t\t\t<\/div>\r\n\t\t\t\t<\/div>\r\n\t\t\t\t\t\t\t\t<\/div>\r\n\t\t\t<\/section>\r\n\t\t\t\t\t\t\t\t<\/div>\n\t\t","protected":false},"excerpt":{"rendered":"<p>Teneke Kutu Ekipman Makineleri K\u00f6\u015feli Dip Kapak Hatt\u0131 Tam otomatik olarak \u00e7al\u0131\u015fan hatt\u0131m\u0131z \u015ferit s\u00fcr\u00fcc\u00fcl\u00fc pres, \u00f6n k\u0131v\u0131rma ve nihai t\u00fcm kenarlar\u0131 k\u0131v\u0131rma ve contalama makinesi, dik\/yatay f\u0131r\u0131n, kamera sistemi ile g\u00f6r\u00fcnt\u00fcl\u00fc kontrol ve istifleme \u00fcnitesi i\u00e7ermektedir. \u00dcr\u00fcn Detaylar\u0131 MP-RL210 Yuvarlak \u00c7iftli Contalama Makinesi Yuvarlak dip, kapak ve \u00e7emberlerdeki s\u0131zd\u0131rmazl\u0131k contas\u0131n\u0131 s\u00fcrmek i\u00e7in geli\u015ftirilmi\u015f tam [&hellip;]<\/p>\n","protected":false},"author":1,"featured_media":0,"parent":11046,"menu_order":0,"comment_status":"closed","ping_status":"closed","template":"","meta":[],"acf":[],"yoast_head":"<!-- This site is optimized with the Yoast SEO plugin v20.1 - https:\/\/yoast.com\/wordpress\/plugins\/seo\/ -->\n<title>Teneke Kutu Ekipman Makineleri - METPACKER<\/title>\n<meta name=\"robots\" content=\"index, follow, max-snippet:-1, max-image-preview:large, max-video-preview:-1\" \/>\n<link rel=\"canonical\" href=\"https:\/\/metpacker.com\/product-categories\/can-components-machines\/\" \/>\n<meta property=\"og:locale\" content=\"tr_TR\" \/>\n<meta property=\"og:type\" content=\"article\" \/>\n<meta property=\"og:title\" content=\"Teneke Kutu Ekipman Makineleri - METPACKER\" \/>\n<meta property=\"og:description\" content=\"Teneke Kutu Ekipman Makineleri K\u00f6\u015feli Dip Kapak Hatt\u0131 Tam otomatik olarak \u00e7al\u0131\u015fan hatt\u0131m\u0131z \u015ferit s\u00fcr\u00fcc\u00fcl\u00fc pres, \u00f6n k\u0131v\u0131rma ve nihai t\u00fcm kenarlar\u0131 k\u0131v\u0131rma ve contalama makinesi, dik\/yatay f\u0131r\u0131n, kamera sistemi ile g\u00f6r\u00fcnt\u00fcl\u00fc kontrol ve istifleme \u00fcnitesi i\u00e7ermektedir. \u00dcr\u00fcn Detaylar\u0131 MP-RL210 Yuvarlak \u00c7iftli Contalama Makinesi Yuvarlak dip, kapak ve \u00e7emberlerdeki s\u0131zd\u0131rmazl\u0131k contas\u0131n\u0131 s\u00fcrmek i\u00e7in geli\u015ftirilmi\u015f tam [&hellip;]\" \/>\n<meta property=\"og:url\" content=\"https:\/\/metpacker.com\/product-categories\/can-components-machines\/\" \/>\n<meta property=\"og:site_name\" content=\"METPACKER\" \/>\n<meta property=\"article:modified_time\" content=\"2024-02-28T18:58:33+00:00\" \/>\n<meta property=\"og:image\" content=\"https:\/\/metpacker.com\/wp-content\/uploads\/2023\/04\/web-pres-hatti-02.jpg\" \/>\n<meta name=\"twitter:card\" content=\"summary_large_image\" \/>\n<meta name=\"twitter:site\" content=\"@metpacker\" \/>\n<meta name=\"twitter:label1\" content=\"Tahmini okuma s\u00fcresi\" \/>\n\t<meta name=\"twitter:data1\" content=\"2 dakika\" \/>\n<script type=\"application\/ld+json\" class=\"yoast-schema-graph\">{\"@context\":\"https:\/\/schema.org\",\"@graph\":[{\"@type\":\"WebPage\",\"@id\":\"https:\/\/metpacker.com\/product-categories\/can-components-machines\/\",\"url\":\"https:\/\/metpacker.com\/product-categories\/can-components-machines\/\",\"name\":\"Teneke Kutu Ekipman Makineleri - METPACKER\",\"isPartOf\":{\"@id\":\"https:\/\/metpacker.com\/#website\"},\"datePublished\":\"2023-01-13T13:04:36+00:00\",\"dateModified\":\"2024-02-28T18:58:33+00:00\",\"breadcrumb\":{\"@id\":\"https:\/\/metpacker.com\/product-categories\/can-components-machines\/#breadcrumb\"},\"inLanguage\":\"tr\",\"potentialAction\":[{\"@type\":\"ReadAction\",\"target\":[\"https:\/\/metpacker.com\/product-categories\/can-components-machines\/\"]}]},{\"@type\":\"BreadcrumbList\",\"@id\":\"https:\/\/metpacker.com\/product-categories\/can-components-machines\/#breadcrumb\",\"itemListElement\":[{\"@type\":\"ListItem\",\"position\":1,\"name\":\"Home\",\"item\":\"https:\/\/metpacker.com\/tr\/\"},{\"@type\":\"ListItem\",\"position\":2,\"name\":\"Kategoriler\",\"item\":\"https:\/\/metpacker.com\/product-categories\/\"},{\"@type\":\"ListItem\",\"position\":3,\"name\":\"Teneke Kutu Ekipman Makineleri\"}]},{\"@type\":\"WebSite\",\"@id\":\"https:\/\/metpacker.com\/#website\",\"url\":\"https:\/\/metpacker.com\/\",\"name\":\"metpacker.com\",\"description\":\"Expert in Metal Packaging Machinery\",\"publisher\":{\"@id\":\"https:\/\/metpacker.com\/#organization\"},\"alternateName\":\"METPACKER\",\"potentialAction\":[{\"@type\":\"SearchAction\",\"target\":{\"@type\":\"EntryPoint\",\"urlTemplate\":\"https:\/\/metpacker.com\/?s={search_term_string}\"},\"query-input\":\"required name=search_term_string\"}],\"inLanguage\":\"tr\"},{\"@type\":\"Organization\",\"@id\":\"https:\/\/metpacker.com\/#organization\",\"name\":\"metpacker.com\",\"alternateName\":\"METPACKER\",\"url\":\"https:\/\/metpacker.com\/\",\"logo\":{\"@type\":\"ImageObject\",\"inLanguage\":\"tr\",\"@id\":\"https:\/\/metpacker.com\/#\/schema\/logo\/image\/\",\"url\":\"https:\/\/metpacker.com\/wp-content\/uploads\/2023\/01\/metpacker-logo.png\",\"contentUrl\":\"https:\/\/metpacker.com\/wp-content\/uploads\/2023\/01\/metpacker-logo.png\",\"width\":500,\"height\":57,\"caption\":\"metpacker.com\"},\"image\":{\"@id\":\"https:\/\/metpacker.com\/#\/schema\/logo\/image\/\"},\"sameAs\":[\"https:\/\/twitter.com\/metpacker\",\"https:\/\/www.instagram.com\/metpacker\/\",\"https:\/\/www.linkedin.com\/company\/metpacker\/about\/?viewAsMember=true\",\"https:\/\/www.youtube.com\/@metpacker651\"]}]}<\/script>\n<!-- \/ Yoast SEO plugin. -->","yoast_head_json":{"title":"Teneke Kutu Ekipman Makineleri - METPACKER","robots":{"index":"index","follow":"follow","max-snippet":"max-snippet:-1","max-image-preview":"max-image-preview:large","max-video-preview":"max-video-preview:-1"},"canonical":"https:\/\/metpacker.com\/product-categories\/can-components-machines\/","og_locale":"tr_TR","og_type":"article","og_title":"Teneke Kutu Ekipman Makineleri - METPACKER","og_description":"Teneke Kutu Ekipman Makineleri K\u00f6\u015feli Dip Kapak Hatt\u0131 Tam otomatik olarak \u00e7al\u0131\u015fan hatt\u0131m\u0131z \u015ferit s\u00fcr\u00fcc\u00fcl\u00fc pres, \u00f6n k\u0131v\u0131rma ve nihai t\u00fcm kenarlar\u0131 k\u0131v\u0131rma ve contalama makinesi, dik\/yatay f\u0131r\u0131n, kamera sistemi ile g\u00f6r\u00fcnt\u00fcl\u00fc kontrol ve istifleme \u00fcnitesi i\u00e7ermektedir. \u00dcr\u00fcn Detaylar\u0131 MP-RL210 Yuvarlak \u00c7iftli Contalama Makinesi Yuvarlak dip, kapak ve \u00e7emberlerdeki s\u0131zd\u0131rmazl\u0131k contas\u0131n\u0131 s\u00fcrmek i\u00e7in geli\u015ftirilmi\u015f tam [&hellip;]","og_url":"https:\/\/metpacker.com\/product-categories\/can-components-machines\/","og_site_name":"METPACKER","article_modified_time":"2024-02-28T18:58:33+00:00","og_image":[{"url":"https:\/\/metpacker.com\/wp-content\/uploads\/2023\/04\/web-pres-hatti-02.jpg"}],"twitter_card":"summary_large_image","twitter_site":"@metpacker","twitter_misc":{"Tahmini okuma s\u00fcresi":"2 dakika"},"schema":{"@context":"https:\/\/schema.org","@graph":[{"@type":"WebPage","@id":"https:\/\/metpacker.com\/product-categories\/can-components-machines\/","url":"https:\/\/metpacker.com\/product-categories\/can-components-machines\/","name":"Teneke Kutu Ekipman Makineleri - METPACKER","isPartOf":{"@id":"https:\/\/metpacker.com\/#website"},"datePublished":"2023-01-13T13:04:36+00:00","dateModified":"2024-02-28T18:58:33+00:00","breadcrumb":{"@id":"https:\/\/metpacker.com\/product-categories\/can-components-machines\/#breadcrumb"},"inLanguage":"tr","potentialAction":[{"@type":"ReadAction","target":["https:\/\/metpacker.com\/product-categories\/can-components-machines\/"]}]},{"@type":"BreadcrumbList","@id":"https:\/\/metpacker.com\/product-categories\/can-components-machines\/#breadcrumb","itemListElement":[{"@type":"ListItem","position":1,"name":"Home","item":"https:\/\/metpacker.com\/tr\/"},{"@type":"ListItem","position":2,"name":"Kategoriler","item":"https:\/\/metpacker.com\/product-categories\/"},{"@type":"ListItem","position":3,"name":"Teneke Kutu Ekipman Makineleri"}]},{"@type":"WebSite","@id":"https:\/\/metpacker.com\/#website","url":"https:\/\/metpacker.com\/","name":"metpacker.com","description":"Expert in Metal Packaging Machinery","publisher":{"@id":"https:\/\/metpacker.com\/#organization"},"alternateName":"METPACKER","potentialAction":[{"@type":"SearchAction","target":{"@type":"EntryPoint","urlTemplate":"https:\/\/metpacker.com\/?s={search_term_string}"},"query-input":"required name=search_term_string"}],"inLanguage":"tr"},{"@type":"Organization","@id":"https:\/\/metpacker.com\/#organization","name":"metpacker.com","alternateName":"METPACKER","url":"https:\/\/metpacker.com\/","logo":{"@type":"ImageObject","inLanguage":"tr","@id":"https:\/\/metpacker.com\/#\/schema\/logo\/image\/","url":"https:\/\/metpacker.com\/wp-content\/uploads\/2023\/01\/metpacker-logo.png","contentUrl":"https:\/\/metpacker.com\/wp-content\/uploads\/2023\/01\/metpacker-logo.png","width":500,"height":57,"caption":"metpacker.com"},"image":{"@id":"https:\/\/metpacker.com\/#\/schema\/logo\/image\/"},"sameAs":["https:\/\/twitter.com\/metpacker","https:\/\/www.instagram.com\/metpacker\/","https:\/\/www.linkedin.com\/company\/metpacker\/about\/?viewAsMember=true","https:\/\/www.youtube.com\/@metpacker651"]}]}},"_links":{"self":[{"href":"https:\/\/metpacker.com\/tr\/wp-json\/wp\/v2\/pages\/11133"}],"collection":[{"href":"https:\/\/metpacker.com\/tr\/wp-json\/wp\/v2\/pages"}],"about":[{"href":"https:\/\/metpacker.com\/tr\/wp-json\/wp\/v2\/types\/page"}],"author":[{"embeddable":true,"href":"https:\/\/metpacker.com\/tr\/wp-json\/wp\/v2\/users\/1"}],"replies":[{"embeddable":true,"href":"https:\/\/metpacker.com\/tr\/wp-json\/wp\/v2\/comments?post=11133"}],"version-history":[{"count":55,"href":"https:\/\/metpacker.com\/tr\/wp-json\/wp\/v2\/pages\/11133\/revisions"}],"predecessor-version":[{"id":14418,"href":"https:\/\/metpacker.com\/tr\/wp-json\/wp\/v2\/pages\/11133\/revisions\/14418"}],"up":[{"embeddable":true,"href":"https:\/\/metpacker.com\/tr\/wp-json\/wp\/v2\/pages\/11046"}],"wp:attachment":[{"href":"https:\/\/metpacker.com\/tr\/wp-json\/wp\/v2\/media?parent=11133"}],"curies":[{"name":"wp","href":"https:\/\/api.w.org\/{rel}","templated":true}]}}