{"id":11186,"date":"2022-03-30T13:52:57","date_gmt":"2022-03-30T10:52:57","guid":{"rendered":"https:\/\/metpacker.com\/?page_id=11186"},"modified":"2025-08-18T17:11:37","modified_gmt":"2025-08-18T14:11:37","slug":"teneke-kutu-uretim-hatlari","status":"publish","type":"page","link":"https:\/\/metpacker.com\/tr\/kategoriler\/teneke-kutu-uretim-hatlari\/","title":{"rendered":"Teneke Kutu \u00dcretim Hatlar\u0131"},"content":{"rendered":"\t\t<div data-elementor-type=\"wp-page\" data-elementor-id=\"11186\" class=\"elementor elementor-11186 elementor-9152\">\n\t\t\t\t\t\t\t\t\t<section class=\" elementor-section elementor-top-section elementor-element elementor-element-bcdf634 elementor-section-boxed elementor-section-height-default elementor-section-height-default\" data-id=\"bcdf634\" data-element_type=\"section\">\r\n\t\t\t\t\t\t\t\t<div class=\"elementor-container elementor-column-gap-default\">\r\n\t\t\t\t\r\n\t\t\t\t\t\t\t\t<div class=\" elementor-column elementor-col-100 elementor-top-column elementor-element elementor-element-481831c \" data-id=\"481831c\" data-element_type=\"column\">\r\n\r\n\t\t\t\t\r\n\t\t\t\t<div class=\"elementor-widget-wrap elementor-element-populated\">\r\n\t\t\t\t\t\t\t\t\t\t\r\n\t\t\t\t\t\t<div class=\"elementor-element elementor-element-e1ea9e2 elementor-widget elementor-widget-heading\" data-id=\"e1ea9e2\" data-element_type=\"widget\" data-widget_type=\"heading.default\">\n\t\t\t\t<div class=\"elementor-widget-container\">\n\t\t\t<style>\/*! elementor - v3.10.1 - 17-01-2023 *\/\n.elementor-heading-title{padding:0;margin:0;line-height:1}.elementor-widget-heading .elementor-heading-title[class*=elementor-size-]>a{color:inherit;font-size:inherit;line-height:inherit}.elementor-widget-heading .elementor-heading-title.elementor-size-small{font-size:15px}.elementor-widget-heading .elementor-heading-title.elementor-size-medium{font-size:19px}.elementor-widget-heading .elementor-heading-title.elementor-size-large{font-size:29px}.elementor-widget-heading .elementor-heading-title.elementor-size-xl{font-size:39px}.elementor-widget-heading .elementor-heading-title.elementor-size-xxl{font-size:59px}<\/style><h2 class=\"elementor-heading-title elementor-size-default\">Teneke Kutu \u00dcretim Hatlar\u0131<\/h2>\t\t<\/div>\n\t\t\t\t<\/div>\n\t\t\t\t\t\t<\/div>\r\n\t\t\t\t<\/div>\r\n\t\t\t\t\t\t\t\t<\/div>\r\n\t\t\t<\/section>\r\n\t\t\t\t\t<section class=\" elementor-section elementor-top-section elementor-element elementor-element-bf53800 elementor-section-boxed elementor-section-height-default elementor-section-height-default\" data-id=\"bf53800\" data-element_type=\"section\">\r\n\t\t\t\t\t\t\t\t<div class=\"elementor-container elementor-column-gap-default\">\r\n\t\t\t\t\r\n\t\t\t\t\t\t\t\t<div class=\" elementor-column elementor-col-100 elementor-top-column elementor-element elementor-element-d7e522d \" data-id=\"d7e522d\" data-element_type=\"column\">\r\n\r\n\t\t\t\t\r\n\t\t\t\t<div class=\"elementor-widget-wrap elementor-element-populated\">\r\n\t\t\t\t\t\t\t\t\t\t\r\n\t\t\t\t\t\t<div class=\"elementor-element elementor-element-95fa87f elementor-position-top elementor-vertical-align-top elementor-widget elementor-widget-image-box\" data-id=\"95fa87f\" data-element_type=\"widget\" data-widget_type=\"image-box.default\">\n\t\t\t\t<div class=\"elementor-widget-container\">\n\t\t\t<style>.elementor-widget-image-box .elementor-image-box-content{width:100%}@media (min-width:768px){.elementor-widget-image-box.elementor-position-left .elementor-image-box-wrapper,.elementor-widget-image-box.elementor-position-right .elementor-image-box-wrapper{display:flex}.elementor-widget-image-box.elementor-position-right .elementor-image-box-wrapper{text-align:right;flex-direction:row-reverse}.elementor-widget-image-box.elementor-position-left .elementor-image-box-wrapper{text-align:left;flex-direction:row}.elementor-widget-image-box.elementor-position-top .elementor-image-box-img{margin:auto}.elementor-widget-image-box.elementor-vertical-align-top .elementor-image-box-wrapper{align-items:flex-start}.elementor-widget-image-box.elementor-vertical-align-middle .elementor-image-box-wrapper{align-items:center}.elementor-widget-image-box.elementor-vertical-align-bottom .elementor-image-box-wrapper{align-items:flex-end}}@media (max-width:767px){.elementor-widget-image-box .elementor-image-box-img{margin-left:auto!important;margin-right:auto!important;margin-bottom:15px}}.elementor-widget-image-box .elementor-image-box-img{display:inline-block}.elementor-widget-image-box .elementor-image-box-title a{color:inherit}.elementor-widget-image-box .elementor-image-box-wrapper{text-align:center}.elementor-widget-image-box .elementor-image-box-description{margin:0}<\/style><div class=\"elementor-image-box-wrapper\"><figure class=\"elementor-image-box-img\"><a href=\"https:\/\/metpacker.com\/tr\/kategoriler\/teneke-kutu-uretim-hatlari\/govde-sekillendirme-ve-montaj-hatti-yuvarlak-kutu-icin\/\"><img width=\"1280\" height=\"675\" src=\"https:\/\/metpacker.com\/wp-content\/uploads\/2024\/09\/Can-Body-Assembly-Line-for-Round-Cans-4.jpg\" class=\"elementor-animation-grow attachment-full size-full wp-image-14830\" alt=\"Can Body Assembly Line for Round Cans (METROUNDPACKER)\" srcset=\"https:\/\/metpacker.com\/wp-content\/uploads\/2024\/09\/Can-Body-Assembly-Line-for-Round-Cans-4.jpg 1280w, https:\/\/metpacker.com\/wp-content\/uploads\/2024\/09\/Can-Body-Assembly-Line-for-Round-Cans-4-1024x540.jpg 1024w, https:\/\/metpacker.com\/wp-content\/uploads\/2024\/09\/Can-Body-Assembly-Line-for-Round-Cans-4-768x405.jpg 768w\" sizes=\"(max-width: 1280px) 100vw, 1280px\" \/><\/a><\/figure><div class=\"elementor-image-box-content\"><h4 class=\"elementor-image-box-title\"><a href=\"https:\/\/metpacker.com\/tr\/kategoriler\/teneke-kutu-uretim-hatlari\/govde-sekillendirme-ve-montaj-hatti-yuvarlak-kutu-icin\/\">G\u00f6vde \u015eekillendirme ve Montaj Hatt\u0131 (Yuvarlak Kutular i\u00e7in)<\/a><\/h4><p class=\"elementor-image-box-description\">\u00dc\u00e7 par\u00e7al\u0131 yuvarlak teneke kutular\u0131n \u00fcretimi i\u00e7in geli\u015ftirilmi\u015f tam otomatik bir makinedir. Kenar a\u00e7ma, bo\u011fma, kordon, dip ve kapak kapatma istasyonlar\u0131n\u0131 iste\u011fe ba\u011fl\u0131 olarak de\u011fi\u015fik kombinasyonlarda i\u00e7ermektedir.\n<\/p><\/div><\/div>\t\t<\/div>\n\t\t\t\t<\/div>\n\t\t\t\t<div class=\"elementor-element elementor-element-7bb8cf8 elementor-widget elementor-widget-udesign_widget_button\" data-id=\"7bb8cf8\" data-element_type=\"widget\" data-widget_type=\"udesign_widget_button.default\">\n\t\t\t\t<div class=\"elementor-widget-container\">\n\t\t\t<a class=\"btn btn-outline btn-rounded btn-dark btn-icon btn-icon-right\" href=\"https:\/\/metpacker.com\/tr\/kategoriler\/teneke-kutu-uretim-hatlari\/govde-sekillendirme-ve-montaj-hatti-yuvarlak-kutu-icin\/\" ><span >\u00dcr\u00fcn Detaylar\u0131<\/span><i class=\"a-icon-long-arrow-right\"><\/i><\/a>\t\t<\/div>\n\t\t\t\t<\/div>\n\t\t\t\t<div class=\"elementor-element elementor-element-0c6edb0 elementor-position-top elementor-vertical-align-top elementor-widget elementor-widget-image-box\" data-id=\"0c6edb0\" data-element_type=\"widget\" data-widget_type=\"image-box.default\">\n\t\t\t\t<div class=\"elementor-widget-container\">\n\t\t\t<div class=\"elementor-image-box-wrapper\"><figure class=\"elementor-image-box-img\"><a href=\"https:\/\/metpacker.com\/tr\/kategoriler\/teneke-kutu-uretim-hatlari\/koseli-govde-montaj-hatti\/\"><img width=\"780\" height=\"408\" src=\"https:\/\/metpacker.com\/wp-content\/uploads\/2023\/04\/web-MP-BA401-01-780x408.jpg\" class=\"elementor-animation-grow attachment-alpha-thumb-custom-1 size-alpha-thumb-custom-1 wp-image-13030\" alt=\"\" \/><\/a><\/figure><div class=\"elementor-image-box-content\"><h4 class=\"elementor-image-box-title\"><a href=\"https:\/\/metpacker.com\/tr\/kategoriler\/teneke-kutu-uretim-hatlari\/koseli-govde-montaj-hatti\/\">G\u00f6vde \u015eekillendirme ve Montaj Hatt\u0131 (K\u00f6\u015feli Kutular i\u00e7in)<\/a><\/h4><p class=\"elementor-image-box-description\">De\u011fi\u015fik \u015fekillerde kutu \u00fcretimine uygun, mod\u00fcler bir yap\u0131ya sahip tam otomatik bir makinedir. D\u00fcz veya konik, tek taraf kapatmal\u0131 peynir kutusu ya da \u00e7ift taraf kapatmal\u0131 ya\u011f, tiner kutusu gibi de\u011fi\u015fik opsiyonlarda \u00fcretim m\u00fcmk\u00fcnd\u00fcr.<\/p><\/div><\/div>\t\t<\/div>\n\t\t\t\t<\/div>\n\t\t\t\t<div class=\"elementor-element elementor-element-d4035d2 elementor-widget elementor-widget-udesign_widget_button\" data-id=\"d4035d2\" data-element_type=\"widget\" data-widget_type=\"udesign_widget_button.default\">\n\t\t\t\t<div class=\"elementor-widget-container\">\n\t\t\t<a class=\"btn btn-outline btn-rounded btn-dark btn-icon btn-icon-right\" href=\"https:\/\/metpacker.com\/tr\/kategoriler\/teneke-kutu-uretim-hatlari\/koseli-govde-montaj-hatti\/\" ><span >\u00dcr\u00fcn Detaylar\u0131<\/span><i class=\"a-icon-long-arrow-right\"><\/i><\/a>\t\t<\/div>\n\t\t\t\t<\/div>\n\t\t\t\t\t\t<\/div>\r\n\t\t\t\t<\/div>\r\n\t\t\t\t\t\t\t\t<\/div>\r\n\t\t\t<\/section>\r\n\t\t\t\t\t<section class=\" elementor-section elementor-top-section elementor-element elementor-element-53cb85a elementor-section-boxed elementor-section-height-default elementor-section-height-default\" data-id=\"53cb85a\" data-element_type=\"section\">\r\n\t\t\t\t\t\t\t\t<div class=\"elementor-container elementor-column-gap-default\">\r\n\t\t\t\t\r\n\t\t\t\t\t\t\t\t<div class=\" elementor-column elementor-col-50 elementor-top-column elementor-element elementor-element-5b1b365 \" data-id=\"5b1b365\" data-element_type=\"column\">\r\n\r\n\t\t\t\t\r\n\t\t\t\t<div class=\"elementor-widget-wrap elementor-element-populated\">\r\n\t\t\t\t\t\t\t\t\t\t\r\n\t\t\t\t\t\t<div class=\"elementor-element elementor-element-fc8969e elementor-position-top elementor-vertical-align-top elementor-widget elementor-widget-image-box\" data-id=\"fc8969e\" data-element_type=\"widget\" data-widget_type=\"image-box.default\">\n\t\t\t\t<div class=\"elementor-widget-container\">\n\t\t\t<div class=\"elementor-image-box-wrapper\"><figure class=\"elementor-image-box-img\"><a href=\"https:\/\/metpacker.com\/wp-admin\/post.php?post=13263&#038;action=elementor\"><img width=\"684\" height=\"716\" src=\"https:\/\/metpacker.com\/wp-content\/uploads\/2023\/04\/web-pres-hatti-02.jpg\" class=\"elementor-animation-grow attachment-full size-full wp-image-12984\" alt=\"\" \/><\/a><\/figure><div class=\"elementor-image-box-content\"><h4 class=\"elementor-image-box-title\"><a href=\"https:\/\/metpacker.com\/wp-admin\/post.php?post=13263&#038;action=elementor\">K\u00f6\u015feli Dip Kapak \u00dcretim Hatt\u0131<\/a><\/h4><p class=\"elementor-image-box-description\">Tam otomatik olarak \u00e7al\u0131\u015fan hatt\u0131m\u0131z \u015ferit s\u00fcr\u00fcc\u00fcl\u00fc pres, \u00f6n k\u0131v\u0131rma ve nihai t\u00fcm kenarlar\u0131 k\u0131v\u0131rma ve contalama makinesi, dik\/yatay f\u0131r\u0131n, kamera sistemi ile g\u00f6r\u00fcnt\u00fcl\u00fc kontrol ve istifleme \u00fcnitesi i\u00e7ermektedir.<\/p><\/div><\/div>\t\t<\/div>\n\t\t\t\t<\/div>\n\t\t\t\t<div class=\"elementor-element elementor-element-7df0a9b elementor-widget elementor-widget-udesign_widget_button\" data-id=\"7df0a9b\" data-element_type=\"widget\" data-widget_type=\"udesign_widget_button.default\">\n\t\t\t\t<div class=\"elementor-widget-container\">\n\t\t\t<a class=\"btn btn-outline btn-rounded btn-dark btn-icon btn-icon-right\" href=\"https:\/\/metpacker.com\/wp-admin\/post.php?post=13263&amp;action=elementor\" ><span >\u00dcr\u00fcn Detaylar\u0131<\/span><i class=\"a-icon-long-arrow-right\"><\/i><\/a>\t\t<\/div>\n\t\t\t\t<\/div>\n\t\t\t\t\t\t<\/div>\r\n\t\t\t\t<\/div>\r\n\t\t\t\t\t\t\t\t\t<div class=\" elementor-column elementor-col-50 elementor-top-column elementor-element elementor-element-53a451a \" data-id=\"53a451a\" data-element_type=\"column\">\r\n\r\n\t\t\t\t\r\n\t\t\t\t<div class=\"elementor-widget-wrap elementor-element-populated\">\r\n\t\t\t\t\t\t\t\t\t\t\r\n\t\t\t\t\t\t<div class=\"elementor-element elementor-element-0fe51a4 elementor-position-top elementor-vertical-align-top elementor-widget elementor-widget-image-box\" data-id=\"0fe51a4\" data-element_type=\"widget\" data-widget_type=\"image-box.default\">\n\t\t\t\t<div class=\"elementor-widget-container\">\n\t\t\t<div class=\"elementor-image-box-wrapper\"><figure class=\"elementor-image-box-img\"><a href=\"https:\/\/metpacker.com\/tr\/kategoriler\/teneke-kutu-uretim-hatlari\/contalama-ve-kurutma-hatti\/\"><img src=\"https:\/\/metpacker.com\/wp-content\/uploads\/elementor\/thumbs\/compound-lining-and-drying-line_product-01-q0lvlft54diwdqv5suf03kfrliwkkghm5lp50afn1g.jpg\" title=\"\" alt=\"Compound lining and drying line for round can ends\" class=\"elementor-animation-grow\" loading=\"lazy\" \/><\/a><\/figure><div class=\"elementor-image-box-content\"><h4 class=\"elementor-image-box-title\"><a href=\"https:\/\/metpacker.com\/tr\/kategoriler\/teneke-kutu-uretim-hatlari\/contalama-ve-kurutma-hatti\/\">Contalama ve Kurutma Hatt\u0131<\/a><\/h4><p class=\"elementor-image-box-description\">Yuvarlak dip, kapak ve \u00e7emberlere s\u0131zd\u0131rmazl\u0131k contas\u0131 otomatik olarak nozul sistemi ile uygulan\u0131r ve sonras\u0131nda dik f\u0131r\u0131nda kurutulur.<\/p><\/div><\/div>\t\t<\/div>\n\t\t\t\t<\/div>\n\t\t\t\t<div class=\"elementor-element elementor-element-b3ba53d elementor-widget elementor-widget-udesign_widget_button\" data-id=\"b3ba53d\" data-element_type=\"widget\" data-widget_type=\"udesign_widget_button.default\">\n\t\t\t\t<div class=\"elementor-widget-container\">\n\t\t\t<a class=\"btn btn-outline btn-rounded btn-dark btn-icon btn-icon-right\" href=\"https:\/\/metpacker.com\/tr\/kategoriler\/teneke-kutu-uretim-hatlari\/contalama-ve-kurutma-hatti\/\" ><span >\u00dcr\u00fcn Detaylar\u0131<\/span><i class=\"a-icon-long-arrow-right\"><\/i><\/a>\t\t<\/div>\n\t\t\t\t<\/div>\n\t\t\t\t\t\t<\/div>\r\n\t\t\t\t<\/div>\r\n\t\t\t\t\t\t\t\t<\/div>\r\n\t\t\t<\/section>\r\n\t\t\t\t\t\t\t\t<\/div>\n\t\t","protected":false},"excerpt":{"rendered":"<p>Teneke Kutu \u00dcretim Hatlar\u0131 G\u00f6vde \u015eekillendirme ve Montaj Hatt\u0131 (Yuvarlak Kutular i\u00e7in) \u00dc\u00e7 par\u00e7al\u0131 yuvarlak teneke kutular\u0131n \u00fcretimi i\u00e7in geli\u015ftirilmi\u015f tam otomatik bir makinedir. Kenar a\u00e7ma, bo\u011fma, kordon, dip ve kapak kapatma istasyonlar\u0131n\u0131 iste\u011fe ba\u011fl\u0131 olarak de\u011fi\u015fik kombinasyonlarda i\u00e7ermektedir. \u00dcr\u00fcn Detaylar\u0131 G\u00f6vde \u015eekillendirme ve Montaj Hatt\u0131 (K\u00f6\u015feli Kutular i\u00e7in) De\u011fi\u015fik \u015fekillerde kutu \u00fcretimine uygun, mod\u00fcler [&hellip;]<\/p>\n","protected":false},"author":1,"featured_media":0,"parent":11046,"menu_order":0,"comment_status":"closed","ping_status":"closed","template":"","meta":[],"acf":[],"yoast_head":"<!-- This site is optimized with the Yoast SEO plugin v20.1 - https:\/\/yoast.com\/wordpress\/plugins\/seo\/ -->\n<title>Teneke Kutu \u00dcretim Hatlar\u0131 - METPACKER<\/title>\n<meta name=\"robots\" content=\"index, follow, max-snippet:-1, max-image-preview:large, max-video-preview:-1\" \/>\n<link rel=\"canonical\" href=\"https:\/\/metpacker.com\/tr\/kategoriler\/teneke-kutu-uretim-hatlari\/\" \/>\n<meta property=\"og:locale\" content=\"tr_TR\" \/>\n<meta property=\"og:type\" content=\"article\" \/>\n<meta property=\"og:title\" content=\"Teneke Kutu \u00dcretim Hatlar\u0131 - METPACKER\" \/>\n<meta property=\"og:description\" content=\"Teneke Kutu \u00dcretim Hatlar\u0131 G\u00f6vde \u015eekillendirme ve Montaj Hatt\u0131 (Yuvarlak Kutular i\u00e7in) \u00dc\u00e7 par\u00e7al\u0131 yuvarlak teneke kutular\u0131n \u00fcretimi i\u00e7in geli\u015ftirilmi\u015f tam otomatik bir makinedir. Kenar a\u00e7ma, bo\u011fma, kordon, dip ve kapak kapatma istasyonlar\u0131n\u0131 iste\u011fe ba\u011fl\u0131 olarak de\u011fi\u015fik kombinasyonlarda i\u00e7ermektedir. \u00dcr\u00fcn Detaylar\u0131 G\u00f6vde \u015eekillendirme ve Montaj Hatt\u0131 (K\u00f6\u015feli Kutular i\u00e7in) De\u011fi\u015fik \u015fekillerde kutu \u00fcretimine uygun, mod\u00fcler [&hellip;]\" \/>\n<meta property=\"og:url\" content=\"https:\/\/metpacker.com\/tr\/kategoriler\/teneke-kutu-uretim-hatlari\/\" \/>\n<meta property=\"og:site_name\" content=\"METPACKER\" \/>\n<meta property=\"article:modified_time\" content=\"2025-08-18T14:11:37+00:00\" \/>\n<meta property=\"og:image\" content=\"https:\/\/metpacker.com\/wp-content\/uploads\/2024\/09\/Can-Body-Assembly-Line-for-Round-Cans-4.jpg\" \/>\n<meta name=\"twitter:card\" content=\"summary_large_image\" \/>\n<meta name=\"twitter:site\" content=\"@metpacker\" \/>\n<meta name=\"twitter:label1\" content=\"Tahmini okuma s\u00fcresi\" \/>\n\t<meta name=\"twitter:data1\" content=\"2 dakika\" \/>\n<script type=\"application\/ld+json\" class=\"yoast-schema-graph\">{\"@context\":\"https:\/\/schema.org\",\"@graph\":[{\"@type\":\"WebPage\",\"@id\":\"https:\/\/metpacker.com\/tr\/kategoriler\/teneke-kutu-uretim-hatlari\/\",\"url\":\"https:\/\/metpacker.com\/tr\/kategoriler\/teneke-kutu-uretim-hatlari\/\",\"name\":\"Teneke Kutu \u00dcretim Hatlar\u0131 - METPACKER\",\"isPartOf\":{\"@id\":\"https:\/\/metpacker.com\/#website\"},\"datePublished\":\"2022-03-30T10:52:57+00:00\",\"dateModified\":\"2025-08-18T14:11:37+00:00\",\"breadcrumb\":{\"@id\":\"https:\/\/metpacker.com\/tr\/kategoriler\/teneke-kutu-uretim-hatlari\/#breadcrumb\"},\"inLanguage\":\"tr\",\"potentialAction\":[{\"@type\":\"ReadAction\",\"target\":[\"https:\/\/metpacker.com\/tr\/kategoriler\/teneke-kutu-uretim-hatlari\/\"]}]},{\"@type\":\"BreadcrumbList\",\"@id\":\"https:\/\/metpacker.com\/tr\/kategoriler\/teneke-kutu-uretim-hatlari\/#breadcrumb\",\"itemListElement\":[{\"@type\":\"ListItem\",\"position\":1,\"name\":\"Home\",\"item\":\"https:\/\/metpacker.com\/tr\/\"},{\"@type\":\"ListItem\",\"position\":2,\"name\":\"Kategoriler\",\"item\":\"https:\/\/metpacker.com\/product-categories\/\"},{\"@type\":\"ListItem\",\"position\":3,\"name\":\"Teneke Kutu \u00dcretim Hatlar\u0131\"}]},{\"@type\":\"WebSite\",\"@id\":\"https:\/\/metpacker.com\/#website\",\"url\":\"https:\/\/metpacker.com\/\",\"name\":\"metpacker.com\",\"description\":\"Expert in Metal Packaging Machinery\",\"publisher\":{\"@id\":\"https:\/\/metpacker.com\/#organization\"},\"alternateName\":\"METPACKER\",\"potentialAction\":[{\"@type\":\"SearchAction\",\"target\":{\"@type\":\"EntryPoint\",\"urlTemplate\":\"https:\/\/metpacker.com\/?s={search_term_string}\"},\"query-input\":\"required name=search_term_string\"}],\"inLanguage\":\"tr\"},{\"@type\":\"Organization\",\"@id\":\"https:\/\/metpacker.com\/#organization\",\"name\":\"metpacker.com\",\"alternateName\":\"METPACKER\",\"url\":\"https:\/\/metpacker.com\/\",\"logo\":{\"@type\":\"ImageObject\",\"inLanguage\":\"tr\",\"@id\":\"https:\/\/metpacker.com\/#\/schema\/logo\/image\/\",\"url\":\"https:\/\/metpacker.com\/wp-content\/uploads\/2023\/01\/metpacker-logo.png\",\"contentUrl\":\"https:\/\/metpacker.com\/wp-content\/uploads\/2023\/01\/metpacker-logo.png\",\"width\":500,\"height\":57,\"caption\":\"metpacker.com\"},\"image\":{\"@id\":\"https:\/\/metpacker.com\/#\/schema\/logo\/image\/\"},\"sameAs\":[\"https:\/\/twitter.com\/metpacker\",\"https:\/\/www.instagram.com\/metpacker\/\",\"https:\/\/www.linkedin.com\/company\/metpacker\/about\/?viewAsMember=true\",\"https:\/\/www.youtube.com\/@metpacker651\"]}]}<\/script>\n<!-- \/ Yoast SEO plugin. -->","yoast_head_json":{"title":"Teneke Kutu \u00dcretim Hatlar\u0131 - METPACKER","robots":{"index":"index","follow":"follow","max-snippet":"max-snippet:-1","max-image-preview":"max-image-preview:large","max-video-preview":"max-video-preview:-1"},"canonical":"https:\/\/metpacker.com\/tr\/kategoriler\/teneke-kutu-uretim-hatlari\/","og_locale":"tr_TR","og_type":"article","og_title":"Teneke Kutu \u00dcretim Hatlar\u0131 - METPACKER","og_description":"Teneke Kutu \u00dcretim Hatlar\u0131 G\u00f6vde \u015eekillendirme ve Montaj Hatt\u0131 (Yuvarlak Kutular i\u00e7in) \u00dc\u00e7 par\u00e7al\u0131 yuvarlak teneke kutular\u0131n \u00fcretimi i\u00e7in geli\u015ftirilmi\u015f tam otomatik bir makinedir. Kenar a\u00e7ma, bo\u011fma, kordon, dip ve kapak kapatma istasyonlar\u0131n\u0131 iste\u011fe ba\u011fl\u0131 olarak de\u011fi\u015fik kombinasyonlarda i\u00e7ermektedir. \u00dcr\u00fcn Detaylar\u0131 G\u00f6vde \u015eekillendirme ve Montaj Hatt\u0131 (K\u00f6\u015feli Kutular i\u00e7in) De\u011fi\u015fik \u015fekillerde kutu \u00fcretimine uygun, mod\u00fcler [&hellip;]","og_url":"https:\/\/metpacker.com\/tr\/kategoriler\/teneke-kutu-uretim-hatlari\/","og_site_name":"METPACKER","article_modified_time":"2025-08-18T14:11:37+00:00","og_image":[{"url":"https:\/\/metpacker.com\/wp-content\/uploads\/2024\/09\/Can-Body-Assembly-Line-for-Round-Cans-4.jpg"}],"twitter_card":"summary_large_image","twitter_site":"@metpacker","twitter_misc":{"Tahmini okuma s\u00fcresi":"2 dakika"},"schema":{"@context":"https:\/\/schema.org","@graph":[{"@type":"WebPage","@id":"https:\/\/metpacker.com\/tr\/kategoriler\/teneke-kutu-uretim-hatlari\/","url":"https:\/\/metpacker.com\/tr\/kategoriler\/teneke-kutu-uretim-hatlari\/","name":"Teneke Kutu \u00dcretim Hatlar\u0131 - METPACKER","isPartOf":{"@id":"https:\/\/metpacker.com\/#website"},"datePublished":"2022-03-30T10:52:57+00:00","dateModified":"2025-08-18T14:11:37+00:00","breadcrumb":{"@id":"https:\/\/metpacker.com\/tr\/kategoriler\/teneke-kutu-uretim-hatlari\/#breadcrumb"},"inLanguage":"tr","potentialAction":[{"@type":"ReadAction","target":["https:\/\/metpacker.com\/tr\/kategoriler\/teneke-kutu-uretim-hatlari\/"]}]},{"@type":"BreadcrumbList","@id":"https:\/\/metpacker.com\/tr\/kategoriler\/teneke-kutu-uretim-hatlari\/#breadcrumb","itemListElement":[{"@type":"ListItem","position":1,"name":"Home","item":"https:\/\/metpacker.com\/tr\/"},{"@type":"ListItem","position":2,"name":"Kategoriler","item":"https:\/\/metpacker.com\/product-categories\/"},{"@type":"ListItem","position":3,"name":"Teneke Kutu \u00dcretim Hatlar\u0131"}]},{"@type":"WebSite","@id":"https:\/\/metpacker.com\/#website","url":"https:\/\/metpacker.com\/","name":"metpacker.com","description":"Expert in Metal Packaging Machinery","publisher":{"@id":"https:\/\/metpacker.com\/#organization"},"alternateName":"METPACKER","potentialAction":[{"@type":"SearchAction","target":{"@type":"EntryPoint","urlTemplate":"https:\/\/metpacker.com\/?s={search_term_string}"},"query-input":"required name=search_term_string"}],"inLanguage":"tr"},{"@type":"Organization","@id":"https:\/\/metpacker.com\/#organization","name":"metpacker.com","alternateName":"METPACKER","url":"https:\/\/metpacker.com\/","logo":{"@type":"ImageObject","inLanguage":"tr","@id":"https:\/\/metpacker.com\/#\/schema\/logo\/image\/","url":"https:\/\/metpacker.com\/wp-content\/uploads\/2023\/01\/metpacker-logo.png","contentUrl":"https:\/\/metpacker.com\/wp-content\/uploads\/2023\/01\/metpacker-logo.png","width":500,"height":57,"caption":"metpacker.com"},"image":{"@id":"https:\/\/metpacker.com\/#\/schema\/logo\/image\/"},"sameAs":["https:\/\/twitter.com\/metpacker","https:\/\/www.instagram.com\/metpacker\/","https:\/\/www.linkedin.com\/company\/metpacker\/about\/?viewAsMember=true","https:\/\/www.youtube.com\/@metpacker651"]}]}},"_links":{"self":[{"href":"https:\/\/metpacker.com\/tr\/wp-json\/wp\/v2\/pages\/11186"}],"collection":[{"href":"https:\/\/metpacker.com\/tr\/wp-json\/wp\/v2\/pages"}],"about":[{"href":"https:\/\/metpacker.com\/tr\/wp-json\/wp\/v2\/types\/page"}],"author":[{"embeddable":true,"href":"https:\/\/metpacker.com\/tr\/wp-json\/wp\/v2\/users\/1"}],"replies":[{"embeddable":true,"href":"https:\/\/metpacker.com\/tr\/wp-json\/wp\/v2\/comments?post=11186"}],"version-history":[{"count":86,"href":"https:\/\/metpacker.com\/tr\/wp-json\/wp\/v2\/pages\/11186\/revisions"}],"predecessor-version":[{"id":15718,"href":"https:\/\/metpacker.com\/tr\/wp-json\/wp\/v2\/pages\/11186\/revisions\/15718"}],"up":[{"embeddable":true,"href":"https:\/\/metpacker.com\/tr\/wp-json\/wp\/v2\/pages\/11046"}],"wp:attachment":[{"href":"https:\/\/metpacker.com\/tr\/wp-json\/wp\/v2\/media?parent=11186"}],"curies":[{"name":"wp","href":"https:\/\/api.w.org\/{rel}","templated":true}]}}