{"id":11776,"date":"2023-01-18T02:42:12","date_gmt":"2023-01-17T23:42:12","guid":{"rendered":"https:\/\/metpacker.com\/?page_id=11776"},"modified":"2025-08-22T17:46:57","modified_gmt":"2025-08-22T14:46:57","slug":"endustriyel-cozumler","status":"publish","type":"page","link":"https:\/\/metpacker.com\/tr\/kategoriler\/endustriyel-cozumler\/","title":{"rendered":"End\u00fcstriyel \u00c7\u00f6z\u00fcmler"},"content":{"rendered":"\t\t<div data-elementor-type=\"wp-page\" data-elementor-id=\"11776\" class=\"elementor elementor-11776\">\n\t\t\t\t\t\t\t\t\t<section class=\" elementor-section elementor-top-section elementor-element elementor-element-0bb7b81 elementor-section-boxed elementor-section-height-default elementor-section-height-default\" data-id=\"0bb7b81\" data-element_type=\"section\">\r\n\t\t\t\t\t\t\t\t<div class=\"elementor-container elementor-column-gap-default\">\r\n\t\t\t\t\r\n\t\t\t\t\t\t\t\t<div class=\" elementor-column elementor-col-100 elementor-top-column elementor-element elementor-element-14fb88d \" data-id=\"14fb88d\" data-element_type=\"column\">\r\n\r\n\t\t\t\t\r\n\t\t\t\t<div class=\"elementor-widget-wrap elementor-element-populated\">\r\n\t\t\t\t\t\t\t\t\t\t\r\n\t\t\t\t\t\t<div class=\"elementor-element elementor-element-777678d elementor-widget elementor-widget-heading\" data-id=\"777678d\" data-element_type=\"widget\" data-widget_type=\"heading.default\">\n\t\t\t\t<div class=\"elementor-widget-container\">\n\t\t\t<style>\/*! elementor - v3.10.1 - 17-01-2023 *\/\n.elementor-heading-title{padding:0;margin:0;line-height:1}.elementor-widget-heading .elementor-heading-title[class*=elementor-size-]>a{color:inherit;font-size:inherit;line-height:inherit}.elementor-widget-heading .elementor-heading-title.elementor-size-small{font-size:15px}.elementor-widget-heading .elementor-heading-title.elementor-size-medium{font-size:19px}.elementor-widget-heading .elementor-heading-title.elementor-size-large{font-size:29px}.elementor-widget-heading .elementor-heading-title.elementor-size-xl{font-size:39px}.elementor-widget-heading .elementor-heading-title.elementor-size-xxl{font-size:59px}<\/style><h2 class=\"elementor-heading-title elementor-size-default\">End\u00fcstriyel \u00c7\u00f6z\u00fcmler <\/h2>\t\t<\/div>\n\t\t\t\t<\/div>\n\t\t\t\t\t\t<\/div>\r\n\t\t\t\t<\/div>\r\n\t\t\t\t\t\t\t\t<\/div>\r\n\t\t\t<\/section>\r\n\t\t\t<div class=\"elementor-element elementor-element-8c5bf37 e-con-boxed e-con\" data-id=\"8c5bf37\" data-element_type=\"container\" data-settings=\"{&quot;content_width&quot;:&quot;boxed&quot;}\">\n\t\t\t\t\t<div class=\"e-con-inner\">\n\t\t<div class=\"elementor-element elementor-element-cbd9c97 e-con-full e-con\" data-id=\"cbd9c97\" data-element_type=\"container\" data-settings=\"{&quot;content_width&quot;:&quot;full&quot;}\">\n\t\t\t\t<div class=\"elementor-element elementor-element-48eb26d elementor-position-top elementor-vertical-align-top elementor-widget elementor-widget-image-box\" data-id=\"48eb26d\" data-element_type=\"widget\" data-widget_type=\"image-box.default\">\n\t\t\t\t<div class=\"elementor-widget-container\">\n\t\t\t<style>.elementor-widget-image-box .elementor-image-box-content{width:100%}@media (min-width:768px){.elementor-widget-image-box.elementor-position-left .elementor-image-box-wrapper,.elementor-widget-image-box.elementor-position-right .elementor-image-box-wrapper{display:flex}.elementor-widget-image-box.elementor-position-right .elementor-image-box-wrapper{text-align:right;flex-direction:row-reverse}.elementor-widget-image-box.elementor-position-left .elementor-image-box-wrapper{text-align:left;flex-direction:row}.elementor-widget-image-box.elementor-position-top .elementor-image-box-img{margin:auto}.elementor-widget-image-box.elementor-vertical-align-top .elementor-image-box-wrapper{align-items:flex-start}.elementor-widget-image-box.elementor-vertical-align-middle .elementor-image-box-wrapper{align-items:center}.elementor-widget-image-box.elementor-vertical-align-bottom .elementor-image-box-wrapper{align-items:flex-end}}@media (max-width:767px){.elementor-widget-image-box .elementor-image-box-img{margin-left:auto!important;margin-right:auto!important;margin-bottom:15px}}.elementor-widget-image-box .elementor-image-box-img{display:inline-block}.elementor-widget-image-box .elementor-image-box-title a{color:inherit}.elementor-widget-image-box .elementor-image-box-wrapper{text-align:center}.elementor-widget-image-box .elementor-image-box-description{margin:0}<\/style><div class=\"elementor-image-box-wrapper\"><figure class=\"elementor-image-box-img\"><a href=\"https:\/\/metpacker.com\/tr\/kategoriler\/endustriyel-cozumler\/konveyor-sistemleri\/\"><img width=\"1280\" height=\"720\" src=\"https:\/\/metpacker.com\/wp-content\/uploads\/2023\/01\/conveyor-system-1.jpg\" class=\"elementor-animation-grow attachment-full size-full wp-image-11715\" alt=\"Conveyor system for metal packaging production\" srcset=\"https:\/\/metpacker.com\/wp-content\/uploads\/2023\/01\/conveyor-system-1.jpg 1280w, https:\/\/metpacker.com\/wp-content\/uploads\/2023\/01\/conveyor-system-1-1024x576.jpg 1024w, https:\/\/metpacker.com\/wp-content\/uploads\/2023\/01\/conveyor-system-1-768x432.jpg 768w, https:\/\/metpacker.com\/wp-content\/uploads\/2023\/01\/conveyor-system-1-780x440.jpg 780w\" sizes=\"(max-width: 1280px) 100vw, 1280px\" \/><\/a><\/figure><div class=\"elementor-image-box-content\"><h4 class=\"elementor-image-box-title\"><a href=\"https:\/\/metpacker.com\/tr\/kategoriler\/endustriyel-cozumler\/konveyor-sistemleri\/\">Konvey\u00f6r Sistemleri<\/a><\/h4><p class=\"elementor-image-box-description\">Farkl\u0131 kullan\u0131m alanlar\u0131 i\u00e7in manyetik konvey\u00f6r \u00e7\u00f6z\u00fcmleri. M\u00fc\u015fteri ihtiya\u00e7lar\u0131na \u00f6zel olarak, dip, kapak, \u00e7ember, teneke kutu ta\u015f\u0131ma sistemleri.<\/p><\/div><\/div>\t\t<\/div>\n\t\t\t\t<\/div>\n\t\t\t\t<div class=\"elementor-element elementor-element-8f1a567 elementor-widget elementor-widget-udesign_widget_button\" data-id=\"8f1a567\" data-element_type=\"widget\" data-widget_type=\"udesign_widget_button.default\">\n\t\t\t\t<div class=\"elementor-widget-container\">\n\t\t\t<a class=\"btn btn-outline btn-rounded btn-dark btn-icon btn-icon-right\" href=\"https:\/\/metpacker.com\/tr\/kategoriler\/endustriyel-cozumler\/konveyor-sistemleri\/\" ><span >\u00dcr\u00fcn Detaylar\u0131<\/span><i class=\"a-icon-long-arrow-right\"><\/i><\/a>\t\t<\/div>\n\t\t\t\t<\/div>\n\t\t\t\t<\/div>\n\t\t<div class=\"elementor-element elementor-element-5000b82 e-con-full e-con\" data-id=\"5000b82\" data-element_type=\"container\" data-settings=\"{&quot;content_width&quot;:&quot;full&quot;}\">\n\t\t\t\t<div class=\"elementor-element elementor-element-fd6b4aa elementor-position-top elementor-vertical-align-top elementor-widget elementor-widget-image-box\" data-id=\"fd6b4aa\" data-element_type=\"widget\" data-widget_type=\"image-box.default\">\n\t\t\t\t<div class=\"elementor-widget-container\">\n\t\t\t<div class=\"elementor-image-box-wrapper\"><figure class=\"elementor-image-box-img\"><a href=\"https:\/\/metpacker.com\/tr\/kategoriler\/endustriyel-cozumler\/teneke-kutu-test-makinesi\/\"><img width=\"1024\" height=\"540\" src=\"https:\/\/metpacker.com\/wp-content\/uploads\/2024\/02\/Metpacker-Can-Air-Tester.png\" class=\"elementor-animation-grow attachment-full size-full wp-image-14371\" alt=\"Metpacker can vacuum tester\" srcset=\"https:\/\/metpacker.com\/wp-content\/uploads\/2024\/02\/Metpacker-Can-Air-Tester.png 1024w, https:\/\/metpacker.com\/wp-content\/uploads\/2024\/02\/Metpacker-Can-Air-Tester-768x405.png 768w\" sizes=\"(max-width: 1024px) 100vw, 1024px\" \/><\/a><\/figure><div class=\"elementor-image-box-content\"><h4 class=\"elementor-image-box-title\"><a href=\"https:\/\/metpacker.com\/tr\/kategoriler\/endustriyel-cozumler\/teneke-kutu-test-makinesi\/\">Kutu Test Makinesi<\/a><\/h4><p class=\"elementor-image-box-description\">Yuvarlak, k\u00f6\u015feli teneke kutulardaki ve kovalardaki mikro boyutlarda bulunan ka\u00e7aklar\u0131 tespit ederek vakum sistemi ile s\u0131zd\u0131rmazl\u0131k testi yapar.<\/p><\/div><\/div>\t\t<\/div>\n\t\t\t\t<\/div>\n\t\t\t\t<div class=\"elementor-element elementor-element-df04d90 elementor-widget elementor-widget-udesign_widget_button\" data-id=\"df04d90\" data-element_type=\"widget\" data-widget_type=\"udesign_widget_button.default\">\n\t\t\t\t<div class=\"elementor-widget-container\">\n\t\t\t<a class=\"btn btn-outline btn-rounded btn-dark btn-icon btn-icon-right\" href=\"https:\/\/metpacker.com\/tr\/kategoriler\/endustriyel-cozumler\/teneke-kutu-test-makinesi\/\" ><span >\u00dcr\u00fcn Detaylar\u0131<\/span><i class=\"a-icon-long-arrow-right\"><\/i><\/a>\t\t<\/div>\n\t\t\t\t<\/div>\n\t\t\t\t<\/div>\n\t\t<div class=\"elementor-element elementor-element-accbdc6 e-con-full e-con\" data-id=\"accbdc6\" data-element_type=\"container\" data-settings=\"{&quot;content_width&quot;:&quot;full&quot;}\">\n\t\t\t\t<div class=\"elementor-element elementor-element-776a37a elementor-position-top elementor-vertical-align-top elementor-widget elementor-widget-image-box\" data-id=\"776a37a\" data-element_type=\"widget\" data-widget_type=\"image-box.default\">\n\t\t\t\t<div class=\"elementor-widget-container\">\n\t\t\t<div class=\"elementor-image-box-wrapper\"><figure class=\"elementor-image-box-img\"><a href=\"https:\/\/metpacker.com\/tr\/kategoriler\/endustriyel-cozumler\/dikis-kaynak-kalibrasyon-grubu\/\"><img width=\"1280\" height=\"720\" src=\"https:\/\/metpacker.com\/wp-content\/uploads\/2023\/11\/Can-Body-Welder-Calibration-Tool-1.jpg\" class=\"elementor-animation-grow attachment-full size-full wp-image-13502\" alt=\"Can Body Welder Calibration Tool\" srcset=\"https:\/\/metpacker.com\/wp-content\/uploads\/2023\/11\/Can-Body-Welder-Calibration-Tool-1.jpg 1280w, https:\/\/metpacker.com\/wp-content\/uploads\/2023\/11\/Can-Body-Welder-Calibration-Tool-1-1024x576.jpg 1024w, https:\/\/metpacker.com\/wp-content\/uploads\/2023\/11\/Can-Body-Welder-Calibration-Tool-1-768x432.jpg 768w, https:\/\/metpacker.com\/wp-content\/uploads\/2023\/11\/Can-Body-Welder-Calibration-Tool-1-780x440.jpg 780w\" sizes=\"(max-width: 1280px) 100vw, 1280px\" \/><\/a><\/figure><div class=\"elementor-image-box-content\"><h4 class=\"elementor-image-box-title\"><a href=\"https:\/\/metpacker.com\/tr\/kategoriler\/endustriyel-cozumler\/dikis-kaynak-kalibrasyon-grubu\/\">Diki\u015f Kaynak Kalibrasyonu<\/a><\/h4><p class=\"elementor-image-box-description\">Otomatik diki\u015f kaynak kalibrasyon grubu ve havuzu, iste\u011fe g\u00f6re, farkl\u0131 markalardaki diki\u015f kaynak makineleri i\u00e7in \u00fcretilir.<\/p><\/div><\/div>\t\t<\/div>\n\t\t\t\t<\/div>\n\t\t\t\t<div class=\"elementor-element elementor-element-a7f8235 elementor-widget elementor-widget-udesign_widget_button\" data-id=\"a7f8235\" data-element_type=\"widget\" data-widget_type=\"udesign_widget_button.default\">\n\t\t\t\t<div class=\"elementor-widget-container\">\n\t\t\t<a class=\"btn btn-outline btn-rounded btn-dark btn-icon btn-icon-right\" href=\"https:\/\/metpacker.com\/tr\/kategoriler\/endustriyel-cozumler\/dikis-kaynak-kalibrasyon-grubu\/\" ><span >\u00dcr\u00fcn Detaylar\u0131<\/span><i class=\"a-icon-long-arrow-right\"><\/i><\/a>\t\t<\/div>\n\t\t\t\t<\/div>\n\t\t\t\t<\/div>\n\t\t<div class=\"elementor-element elementor-element-40e9e37 e-con-full e-con\" data-id=\"40e9e37\" data-element_type=\"container\" data-settings=\"{&quot;content_width&quot;:&quot;full&quot;}\">\n\t\t\t\t<div class=\"elementor-element elementor-element-6d60688 elementor-widget__width-inherit elementor-position-top elementor-vertical-align-top elementor-widget elementor-widget-image-box\" data-id=\"6d60688\" data-element_type=\"widget\" data-widget_type=\"image-box.default\">\n\t\t\t\t<div class=\"elementor-widget-container\">\n\t\t\t<div class=\"elementor-image-box-wrapper\"><figure class=\"elementor-image-box-img\"><a href=\"https:\/\/metpacker.com\/tr\/kategoriler\/endustriyel-cozumler\/merkezi-contalama-sistemi\/\"><img src=\"https:\/\/metpacker.com\/wp-content\/uploads\/elementor\/thumbs\/Central-Compound-Preparation-and-Pumping-Station-3-scaled-qv785fl1p33pkpfcbfue1tiz0ww1fyzie09wrs3ga4.jpg\" title=\"Central Compound Preparation and Pumping Station\" alt=\"Compound Preparation and Pumping Station\" class=\"elementor-animation-grow\" loading=\"lazy\" \/><\/a><\/figure><div class=\"elementor-image-box-content\"><h4 class=\"elementor-image-box-title\"><a href=\"https:\/\/metpacker.com\/tr\/kategoriler\/endustriyel-cozumler\/merkezi-contalama-sistemi\/\">Merkezi Contalama<\/a><\/h4><p class=\"elementor-image-box-description\">Bir veya birden fazla s\u0131zd\u0131rmazl\u0131k contas\u0131 uygulama makinelerine tek bir varil \u00fczerinden merkezi contalama sistemi.<\/p><\/div><\/div>\t\t<\/div>\n\t\t\t\t<\/div>\n\t\t\t\t<div class=\"elementor-element elementor-element-4bee32d elementor-widget elementor-widget-udesign_widget_button\" data-id=\"4bee32d\" data-element_type=\"widget\" data-widget_type=\"udesign_widget_button.default\">\n\t\t\t\t<div class=\"elementor-widget-container\">\n\t\t\t<a class=\"btn btn-outline btn-rounded btn-dark btn-icon btn-icon-right\" href=\"https:\/\/metpacker.com\/tr\/kategoriler\/endustriyel-cozumler\/merkezi-contalama-sistemi\/\" ><span >\u00dcr\u00fcn Detaylar\u0131<\/span><i class=\"a-icon-long-arrow-right\"><\/i><\/a>\t\t<\/div>\n\t\t\t\t<\/div>\n\t\t\t\t<\/div>\n\t\t\t\t\t<\/div>\n\t\t\t\t<\/div>\n\t\t\t\t\t\t\t<\/div>\n\t\t","protected":false},"excerpt":{"rendered":"<p>End\u00fcstriyel \u00c7\u00f6z\u00fcmler Konvey\u00f6r Sistemleri Farkl\u0131 kullan\u0131m alanlar\u0131 i\u00e7in manyetik konvey\u00f6r \u00e7\u00f6z\u00fcmleri. M\u00fc\u015fteri ihtiya\u00e7lar\u0131na \u00f6zel olarak, dip, kapak, \u00e7ember, teneke kutu ta\u015f\u0131ma sistemleri. \u00dcr\u00fcn Detaylar\u0131 Kutu Test Makinesi Yuvarlak, k\u00f6\u015feli teneke kutulardaki ve kovalardaki mikro boyutlarda bulunan ka\u00e7aklar\u0131 tespit ederek vakum sistemi ile s\u0131zd\u0131rmazl\u0131k testi yapar. \u00dcr\u00fcn Detaylar\u0131 Diki\u015f Kaynak Kalibrasyonu Otomatik diki\u015f kaynak kalibrasyon grubu [&hellip;]<\/p>\n","protected":false},"author":1,"featured_media":0,"parent":11046,"menu_order":0,"comment_status":"closed","ping_status":"closed","template":"","meta":[],"acf":[],"yoast_head":"<!-- This site is optimized with the Yoast SEO plugin v20.1 - https:\/\/yoast.com\/wordpress\/plugins\/seo\/ -->\n<title>End\u00fcstriyel \u00c7\u00f6z\u00fcmler - METPACKER<\/title>\n<meta name=\"robots\" content=\"index, follow, max-snippet:-1, max-image-preview:large, max-video-preview:-1\" \/>\n<link rel=\"canonical\" href=\"https:\/\/metpacker.com\/tr\/kategoriler\/endustriyel-cozumler\/\" \/>\n<meta property=\"og:locale\" content=\"tr_TR\" \/>\n<meta property=\"og:type\" content=\"article\" \/>\n<meta property=\"og:title\" content=\"End\u00fcstriyel \u00c7\u00f6z\u00fcmler - METPACKER\" \/>\n<meta property=\"og:description\" content=\"End\u00fcstriyel \u00c7\u00f6z\u00fcmler Konvey\u00f6r Sistemleri Farkl\u0131 kullan\u0131m alanlar\u0131 i\u00e7in manyetik konvey\u00f6r \u00e7\u00f6z\u00fcmleri. M\u00fc\u015fteri ihtiya\u00e7lar\u0131na \u00f6zel olarak, dip, kapak, \u00e7ember, teneke kutu ta\u015f\u0131ma sistemleri. \u00dcr\u00fcn Detaylar\u0131 Kutu Test Makinesi Yuvarlak, k\u00f6\u015feli teneke kutulardaki ve kovalardaki mikro boyutlarda bulunan ka\u00e7aklar\u0131 tespit ederek vakum sistemi ile s\u0131zd\u0131rmazl\u0131k testi yapar. \u00dcr\u00fcn Detaylar\u0131 Diki\u015f Kaynak Kalibrasyonu Otomatik diki\u015f kaynak kalibrasyon grubu [&hellip;]\" \/>\n<meta property=\"og:url\" content=\"https:\/\/metpacker.com\/tr\/kategoriler\/endustriyel-cozumler\/\" \/>\n<meta property=\"og:site_name\" content=\"METPACKER\" \/>\n<meta property=\"article:modified_time\" content=\"2025-08-22T14:46:57+00:00\" \/>\n<meta property=\"og:image\" content=\"https:\/\/metpacker.com\/wp-content\/uploads\/2023\/01\/conveyor-system-1.jpg\" \/>\n<meta name=\"twitter:card\" content=\"summary_large_image\" \/>\n<meta name=\"twitter:site\" content=\"@metpacker\" \/>\n<meta name=\"twitter:label1\" content=\"Tahmini okuma s\u00fcresi\" \/>\n\t<meta name=\"twitter:data1\" content=\"2 dakika\" \/>\n<script type=\"application\/ld+json\" class=\"yoast-schema-graph\">{\"@context\":\"https:\/\/schema.org\",\"@graph\":[{\"@type\":\"WebPage\",\"@id\":\"https:\/\/metpacker.com\/tr\/kategoriler\/endustriyel-cozumler\/\",\"url\":\"https:\/\/metpacker.com\/tr\/kategoriler\/endustriyel-cozumler\/\",\"name\":\"End\u00fcstriyel \u00c7\u00f6z\u00fcmler - METPACKER\",\"isPartOf\":{\"@id\":\"https:\/\/metpacker.com\/#website\"},\"datePublished\":\"2023-01-17T23:42:12+00:00\",\"dateModified\":\"2025-08-22T14:46:57+00:00\",\"breadcrumb\":{\"@id\":\"https:\/\/metpacker.com\/tr\/kategoriler\/endustriyel-cozumler\/#breadcrumb\"},\"inLanguage\":\"tr\",\"potentialAction\":[{\"@type\":\"ReadAction\",\"target\":[\"https:\/\/metpacker.com\/tr\/kategoriler\/endustriyel-cozumler\/\"]}]},{\"@type\":\"BreadcrumbList\",\"@id\":\"https:\/\/metpacker.com\/tr\/kategoriler\/endustriyel-cozumler\/#breadcrumb\",\"itemListElement\":[{\"@type\":\"ListItem\",\"position\":1,\"name\":\"Home\",\"item\":\"https:\/\/metpacker.com\/tr\/\"},{\"@type\":\"ListItem\",\"position\":2,\"name\":\"Kategoriler\",\"item\":\"https:\/\/metpacker.com\/product-categories\/\"},{\"@type\":\"ListItem\",\"position\":3,\"name\":\"End\u00fcstriyel \u00c7\u00f6z\u00fcmler\"}]},{\"@type\":\"WebSite\",\"@id\":\"https:\/\/metpacker.com\/#website\",\"url\":\"https:\/\/metpacker.com\/\",\"name\":\"metpacker.com\",\"description\":\"Expert in Metal Packaging Machinery\",\"publisher\":{\"@id\":\"https:\/\/metpacker.com\/#organization\"},\"alternateName\":\"METPACKER\",\"potentialAction\":[{\"@type\":\"SearchAction\",\"target\":{\"@type\":\"EntryPoint\",\"urlTemplate\":\"https:\/\/metpacker.com\/?s={search_term_string}\"},\"query-input\":\"required name=search_term_string\"}],\"inLanguage\":\"tr\"},{\"@type\":\"Organization\",\"@id\":\"https:\/\/metpacker.com\/#organization\",\"name\":\"metpacker.com\",\"alternateName\":\"METPACKER\",\"url\":\"https:\/\/metpacker.com\/\",\"logo\":{\"@type\":\"ImageObject\",\"inLanguage\":\"tr\",\"@id\":\"https:\/\/metpacker.com\/#\/schema\/logo\/image\/\",\"url\":\"https:\/\/metpacker.com\/wp-content\/uploads\/2023\/01\/metpacker-logo.png\",\"contentUrl\":\"https:\/\/metpacker.com\/wp-content\/uploads\/2023\/01\/metpacker-logo.png\",\"width\":500,\"height\":57,\"caption\":\"metpacker.com\"},\"image\":{\"@id\":\"https:\/\/metpacker.com\/#\/schema\/logo\/image\/\"},\"sameAs\":[\"https:\/\/twitter.com\/metpacker\",\"https:\/\/www.instagram.com\/metpacker\/\",\"https:\/\/www.linkedin.com\/company\/metpacker\/about\/?viewAsMember=true\",\"https:\/\/www.youtube.com\/@metpacker651\"]}]}<\/script>\n<!-- \/ Yoast SEO plugin. -->","yoast_head_json":{"title":"End\u00fcstriyel \u00c7\u00f6z\u00fcmler - METPACKER","robots":{"index":"index","follow":"follow","max-snippet":"max-snippet:-1","max-image-preview":"max-image-preview:large","max-video-preview":"max-video-preview:-1"},"canonical":"https:\/\/metpacker.com\/tr\/kategoriler\/endustriyel-cozumler\/","og_locale":"tr_TR","og_type":"article","og_title":"End\u00fcstriyel \u00c7\u00f6z\u00fcmler - METPACKER","og_description":"End\u00fcstriyel \u00c7\u00f6z\u00fcmler Konvey\u00f6r Sistemleri Farkl\u0131 kullan\u0131m alanlar\u0131 i\u00e7in manyetik konvey\u00f6r \u00e7\u00f6z\u00fcmleri. M\u00fc\u015fteri ihtiya\u00e7lar\u0131na \u00f6zel olarak, dip, kapak, \u00e7ember, teneke kutu ta\u015f\u0131ma sistemleri. \u00dcr\u00fcn Detaylar\u0131 Kutu Test Makinesi Yuvarlak, k\u00f6\u015feli teneke kutulardaki ve kovalardaki mikro boyutlarda bulunan ka\u00e7aklar\u0131 tespit ederek vakum sistemi ile s\u0131zd\u0131rmazl\u0131k testi yapar. \u00dcr\u00fcn Detaylar\u0131 Diki\u015f Kaynak Kalibrasyonu Otomatik diki\u015f kaynak kalibrasyon grubu [&hellip;]","og_url":"https:\/\/metpacker.com\/tr\/kategoriler\/endustriyel-cozumler\/","og_site_name":"METPACKER","article_modified_time":"2025-08-22T14:46:57+00:00","og_image":[{"url":"https:\/\/metpacker.com\/wp-content\/uploads\/2023\/01\/conveyor-system-1.jpg"}],"twitter_card":"summary_large_image","twitter_site":"@metpacker","twitter_misc":{"Tahmini okuma s\u00fcresi":"2 dakika"},"schema":{"@context":"https:\/\/schema.org","@graph":[{"@type":"WebPage","@id":"https:\/\/metpacker.com\/tr\/kategoriler\/endustriyel-cozumler\/","url":"https:\/\/metpacker.com\/tr\/kategoriler\/endustriyel-cozumler\/","name":"End\u00fcstriyel \u00c7\u00f6z\u00fcmler - METPACKER","isPartOf":{"@id":"https:\/\/metpacker.com\/#website"},"datePublished":"2023-01-17T23:42:12+00:00","dateModified":"2025-08-22T14:46:57+00:00","breadcrumb":{"@id":"https:\/\/metpacker.com\/tr\/kategoriler\/endustriyel-cozumler\/#breadcrumb"},"inLanguage":"tr","potentialAction":[{"@type":"ReadAction","target":["https:\/\/metpacker.com\/tr\/kategoriler\/endustriyel-cozumler\/"]}]},{"@type":"BreadcrumbList","@id":"https:\/\/metpacker.com\/tr\/kategoriler\/endustriyel-cozumler\/#breadcrumb","itemListElement":[{"@type":"ListItem","position":1,"name":"Home","item":"https:\/\/metpacker.com\/tr\/"},{"@type":"ListItem","position":2,"name":"Kategoriler","item":"https:\/\/metpacker.com\/product-categories\/"},{"@type":"ListItem","position":3,"name":"End\u00fcstriyel \u00c7\u00f6z\u00fcmler"}]},{"@type":"WebSite","@id":"https:\/\/metpacker.com\/#website","url":"https:\/\/metpacker.com\/","name":"metpacker.com","description":"Expert in Metal Packaging Machinery","publisher":{"@id":"https:\/\/metpacker.com\/#organization"},"alternateName":"METPACKER","potentialAction":[{"@type":"SearchAction","target":{"@type":"EntryPoint","urlTemplate":"https:\/\/metpacker.com\/?s={search_term_string}"},"query-input":"required name=search_term_string"}],"inLanguage":"tr"},{"@type":"Organization","@id":"https:\/\/metpacker.com\/#organization","name":"metpacker.com","alternateName":"METPACKER","url":"https:\/\/metpacker.com\/","logo":{"@type":"ImageObject","inLanguage":"tr","@id":"https:\/\/metpacker.com\/#\/schema\/logo\/image\/","url":"https:\/\/metpacker.com\/wp-content\/uploads\/2023\/01\/metpacker-logo.png","contentUrl":"https:\/\/metpacker.com\/wp-content\/uploads\/2023\/01\/metpacker-logo.png","width":500,"height":57,"caption":"metpacker.com"},"image":{"@id":"https:\/\/metpacker.com\/#\/schema\/logo\/image\/"},"sameAs":["https:\/\/twitter.com\/metpacker","https:\/\/www.instagram.com\/metpacker\/","https:\/\/www.linkedin.com\/company\/metpacker\/about\/?viewAsMember=true","https:\/\/www.youtube.com\/@metpacker651"]}]}},"_links":{"self":[{"href":"https:\/\/metpacker.com\/tr\/wp-json\/wp\/v2\/pages\/11776"}],"collection":[{"href":"https:\/\/metpacker.com\/tr\/wp-json\/wp\/v2\/pages"}],"about":[{"href":"https:\/\/metpacker.com\/tr\/wp-json\/wp\/v2\/types\/page"}],"author":[{"embeddable":true,"href":"https:\/\/metpacker.com\/tr\/wp-json\/wp\/v2\/users\/1"}],"replies":[{"embeddable":true,"href":"https:\/\/metpacker.com\/tr\/wp-json\/wp\/v2\/comments?post=11776"}],"version-history":[{"count":37,"href":"https:\/\/metpacker.com\/tr\/wp-json\/wp\/v2\/pages\/11776\/revisions"}],"predecessor-version":[{"id":15797,"href":"https:\/\/metpacker.com\/tr\/wp-json\/wp\/v2\/pages\/11776\/revisions\/15797"}],"up":[{"embeddable":true,"href":"https:\/\/metpacker.com\/tr\/wp-json\/wp\/v2\/pages\/11046"}],"wp:attachment":[{"href":"https:\/\/metpacker.com\/tr\/wp-json\/wp\/v2\/media?parent=11776"}],"curies":[{"name":"wp","href":"https:\/\/api.w.org\/{rel}","templated":true}]}}